

{"id":2096,"date":"2022-12-13T12:27:10","date_gmt":"2022-12-13T12:27:10","guid":{"rendered":"https:\/\/esperit-roca.com\/avis-legal\/"},"modified":"2024-07-31T11:07:29","modified_gmt":"2024-07-31T11:07:29","slug":"avis-legal","status":"publish","type":"page","link":"https:\/\/esperitrocadestileria.com\/es\/avis-legal\/","title":{"rendered":"Aviso legal"},"content":{"rendered":"<blockquote class=\"wp-block-quote is-layout-flow wp-block-quote-is-layout-flow\"><p>Actualizado: julio 24<\/p><\/blockquote><p>En cumplimiento con el deber de informaci\u00f3n recogido en el art\u00edculo 10 de la Ley 34\/2002, de 11 de Julio, de Servicios de la Sociedad de la Informaci\u00f3n y del Comercio Electr\u00f3nico, le informamos que el Sitio Web <a href=\"https:\/\/esperitrocadestileria.com\/\">https:\/\/esperitrocadestileria.com\/<\/a> (en adelante, el sitio \u00abWeb\u00bb) es titularidad de JOROFON, S.L. (en adelante ESPERIT ROCA DESTIL.LERIA), con domicilio social en Can Sunyer, 46 &#8211; 17007- Girona (Girona), con CIF: B17412834.<br>Inscrita en el Registro Mercantil de Girona: T 1391, F 24, S 8, H GI 13664, I\/A 15.<\/p><h2 class=\"wp-block-heading\">Comunicaciones<\/h2><p>Tel\u00e9fono:\u00a0\u00a0\u00a0\u00a0\u00a0\u00a0\u00a0\u00a0+34 972 222 157<br><br>E-mail:\u00a0\u00a0\u00a0\u00a0\u00a0\u00a0\u00a0\u00a0\u00a0destileria@esperitroca.com<br><br>El presente aviso legal regula las condiciones de uso del citado portal de Internet.<\/p><h2 class=\"wp-block-heading\">Ley aplicable y jurisdicci\u00f3n<\/h2><p>Con car\u00e1cter general las relaciones entre ESPERIT ROCA DESTIL.LERIA y los usuarios de sus servicios telem\u00e1ticos, presentes en el sitio web, se encuentran sometidas a la legislaci\u00f3n y jurisdicci\u00f3n espa\u00f1olas.<\/p><p>Las partes renuncian expresamente al fuero que les pudiera corresponder y someten expresamente a los Juzgados y Tribunales de Girona (Girona) para resolver cualquier controversia que pueda surgir en la interpretaci\u00f3n o ejecuci\u00f3n de las presentes condiciones contractuales.<\/p><h2 class=\"wp-block-heading\">Aceptaci\u00f3n del usuario<\/h2><p>Este Aviso Legal regula el acceso y utilizaci\u00f3n del sitio web que ESPERIT ROCA DESTIL.LERIA pone a la disposici\u00f3n de los usuarios de Internet. Se considera usuario la persona que acceda, navegue, utilice o participe en los servicios y actividades del sitio web.<\/p><p>El usuario queda informado, y acepta, que el acceso al presente sitio web no supone, en modo alguno, el inicio de una relaci\u00f3n comercial con ESPERIT ROCA DESTIL.LERIA<\/p><p>El acceso y navegaci\u00f3n en el sitio web por parte del usuario supone la aceptaci\u00f3n de la totalidad de las presentes Condiciones de Uso. En caso de desacuerdo con las condiciones debe abstenerse a usar el sitio web.<\/p><h2 class=\"wp-block-heading\">Acceso a la web<\/h2><p>El acceso al sitio web por parte de los usuarios es de car\u00e1cter libre y gratuito. Algunos servicios pueden encontrarse sujetos a contrataci\u00f3n previa del servicio.<\/p><p>En caso de ser necesario que el usuario aporte datos personales para acceder a alguno de los servicios, la recogida y el tratamiento de los datos se realizar\u00e1 de conformidad con la normativa vigente, en concreto con el RGPD. Para m\u00e1s informaci\u00f3n, consulte nuestra pol\u00edtica de privacidad <a href=\"https:\/\/esperitrocadestileria.com\/politica-de-privacidad\/\">https:\/\/esperitrocadestileria.com\/politica-de-privacidad\/<\/a><\/p><h2 class=\"wp-block-heading\">Contenido y uso<\/h2><p>La visita al sitio web por parte del usuario deber\u00e1 hacerse de forma responsable y de conformidad a la legalidad vigente, la buena fe, el presente Aviso Legal y respetando los derechos de propiedad intelectual e industrial de titularidad de ESPERIT ROCA DESTIL.LERIA o cualquier otra persona f\u00edsica o jur\u00eddica.<\/p><p>El uso de cualquiera de los contenidos del sitio web con finalidades que sean o pudieran ser il\u00edcitas queda totalmente prohibido, as\u00ed como la realizaci\u00f3n de cualquier acci\u00f3n que cause o pueda causar da\u00f1os o alteraciones de cualquier tipo no consentidas por ESPERIT ROCA DESTIL.LERIA al sitio web o a sus contenidos.<\/p><p>El titular del sitio web no se identifica con las opiniones vertidas en el mismo por sus colaboradores. La empresa se reserva el derecho de efectuar sin previo aviso las modificaciones que considere oportunas en su sitio Web, pudiendo cambiar, suprimir o a\u00f1adir tanto los contenidos y servicios que se presten a trav\u00e9s de la misma como la forma en la que \u00e9stos aparezcan presentados o localizados en sus servidores.<\/p><p>Queda terminantemente prohibido el uso de cualquiera de los contenidos del sitio web con fines il\u00edcitos, as\u00ed como la realizaci\u00f3n de cualquier acci\u00f3n que cause o pueda causar da\u00f1os o alteraciones de cualquier tipo no consentidos por ESPERIT ROCA DESTIL.LERIA, al sitio web o a sus contenidos.<\/p><h2 class=\"wp-block-heading\">Propiedad intelectual e industrial<\/h2><p>Los derechos de propiedad intelectual del contenido de las p\u00e1ginas web, su dise\u00f1o gr\u00e1fico y c\u00f3digos son titularidad de ESPERIT ROCA DESTIL.LERIA y, por tanto, queda prohibida su reproducci\u00f3n, distribuci\u00f3n, comunicaci\u00f3n p\u00fablica, transformaci\u00f3n o cualquier otra actividad que se realice con los contenidos del sitio web, ni siquiera, aunque se citen las fuentes, salvo que se cuente con el consentimiento previo, expreso y por escrito de ESPERIT ROCA DESTIL.LERIA. Todos los nombres comerciales, marcas o signos distintos de cualquier clase contenidos en las p\u00e1ginas web de la empresa son propiedad de sus due\u00f1os y est\u00e1n protegidos por ley.<\/p><p>ESPERIT ROCA DESTIL.LERIA no concede ninguna licencia o autorizaci\u00f3n de uso de ninguna clase sobre sus derechos de propiedad intelectual e industrial o sobre cualquier otra propiedad o derecho relacionado con el sitio web, y en ning\u00fan caso se entender\u00e1 que el acceso y navegaci\u00f3n de los usuarios implica una renuncia, transmisi\u00f3n, licencia o cesi\u00f3n total ni parcial de dichos derechos por parte de ESPERIT ROCA DESTIL.LERIA.<\/p><p>Cualquier uso de esos contenidos no autorizado previamente por parte de ESPERIT ROCA DESTIL.LERIA ser\u00e1 considerado un incumplimiento grave de los derechos de propiedad intelectual o industrial y dar\u00e1 lugar a las responsabilidades legalmente establecidas. ESPERIT ROCA DESTIL.LERIA se reserva el derecho de ejercitar frente al usuario las acciones judiciales y extrajudiciales que correspondan.<\/p><h2 class=\"wp-block-heading\">Responsabilidad y garant\u00edas<\/h2><p>ESPERIT ROCA DESTIL.LERIA declara que ha adoptado las medidas necesarias que, dentro de sus posibilidades y el estado de la tecnolog\u00eda, permitan el correcto funcionamiento de su sitio web, as\u00ed como la ausencia de virus y componentes da\u00f1inos. Sin embargo, ESPERIT ROCA DESTIL.LERIA no puede hacerse responsable de las siguientes situaciones que se enumeran a t\u00edtulo enunciativo, pero no limitativo:<\/p><ul class=\"wp-block-list\"><li>La continuidad y disponibilidad de los Contenidos.<\/li>\n\n<li>La ausencia de errores en dichos Contenidos ni la correcci\u00f3n de cualquier defecto que pudiera ocurrir.<\/li>\n\n<li>La ausencia de virus y\/o dem\u00e1s componentes da\u00f1inos.<\/li>\n\n<li>Los da\u00f1os o perjuicios que cause cualquier persona que vulnere los sistemas de seguridad de ESPERIT ROCA DESTIL.LERIA.<\/li>\n\n<li>El uso que los usuarios puedan hacer de los contenidos incluidos en el web. En consecuencia, ESPERIT ROCA DESTIL.LERIA no garantiza que el uso que los usuarios puedan hacer de los contenidos que en su caso se incluyan en el sitio web, se ajusten al presente aviso legal, ni que el uso del sitio web se realice de forma diligente.<\/li>\n\n<li>El uso por menores de edad del sitio web o del env\u00edo de sus datos personales sin el permiso de sus tutores, siendo los tutores responsables del uso que hagan de Internet. Los contenidos a los que el usuario pueda acceder a trav\u00e9s de enlaces no autorizados o introducidos por usuarios mediante comentarios o herramientas similares.<\/li>\n\n<li>La introducci\u00f3n de datos err\u00f3neos por parte del usuario o de un tercero.<\/li><\/ul><p>ESPERIT ROCA DESTIL.LERIA podr\u00e1 suspender temporalmente y sin previo aviso, la accesibilidad al sitio web con motivo de operaciones de mantenimiento, reparaci\u00f3n, actualizaci\u00f3n o mejora. No obstante, siempre que las circunstancias lo permitan, ESPERIT ROCA DESTIL.LERIA comunicar\u00e1 al usuario, con antelaci\u00f3n suficiente, la fecha prevista para la suspensi\u00f3n de los contenidos.<\/p><p>Asimismo, de conformidad con los arts. 11 y 16 de la Ley 34\/2002, de 11 de julio, de servicios de la sociedad de la informaci\u00f3n y de comercio electr\u00f3nico (LSSICE), ESPERIT ROCA DESTIL.LERIA se compromete a la eliminaci\u00f3n o, en su caso, bloqueo de los contenidos que pudieran afectar o ser contrarios a la legislaci\u00f3n vigente, los derechos de terceros o la moral y orden p\u00fablico.<\/p><h2 class=\"wp-block-heading\">Cookies<\/h2><p>ESPERIT ROCA DESTIL.LERIA utiliza cookies, a los efectos de optimizar y personalizar su navegaci\u00f3n por el sitio web. Las cookies son ficheros f\u00edsicos de informaci\u00f3n que se alojan en el propio terminal del usuario, la informaci\u00f3n recogida mediante las cookies sirve para facilitar la navegaci\u00f3n del usuario por el portal y optimizar la experiencia de navegaci\u00f3n. Los datos recopilados mediante las cookies pueden ser compartidos con los creadores de las mismas, pero en ning\u00fan caso la informaci\u00f3n obtenida por las mismas ser\u00e1 asociada a datos personales ni a datos que puedan identificar al usuario.<\/p><p>Sin embargo, si el usuario no desea que se instalen cookies en su disco duro, tiene la posibilidad de configurar el navegador de tal modo que impida la instalaci\u00f3n de estos archivos. Para obtener m\u00e1s informaci\u00f3n consulte nuestra Pol\u00edtica de Cookies <a href=\"https:\/\/esperitrocadestileria.com\/politica-de-cookies\/\">https:\/\/esperitrocadestileria.com\/politica-de-cookies\/<\/a><\/p><h2 class=\"wp-block-heading\">Enlaces(links)<\/h2><p>La presencia de enlaces (links) en el sitio web de ESPERIT ROCA DESTIL.LERIA hacia otros sitios de Internet tiene finalidad meramente informativa y en ning\u00fan caso suponen sugerencia, invitaci\u00f3n o recomendaci\u00f3n sobre los mismos. ESPERIT ROCA DESTIL.LERIA no asumir\u00e1 responsabilidad por los contenidos de un enlace perteneciente a un sitio web ajeno, ni garantizar\u00e1 la fiabilidad, exactitud, amplitud, veracidad, validez y disponibilidad t\u00e9cnica.<\/p><p>En el caso de que en otros sitios web se establezcan enlaces al sitio web de ESPERIT ROCA DESTIL.LERIA, no se entender\u00e1 que ESPERIT ROCA DESTIL.LERIA ha autorizado el enlace o el contenido del sitio web en el que se contiene el enlace, tampoco podr\u00e1 incluirse en el sitio del enlace contenidos inapropiados, difamatorios, ilegales, obscenos o il\u00edcitos, ni otros contenidos que sean contrarios a la legalidad vigente.<\/p><p>ESPERIT ROCA DESTIL.LERIA se reserva la posibilidad de contactar con el propietario del sitio web en el que se establezca el enlace si considera que se incumple la normativa, as\u00ed como de ejercitar las correspondientes acciones judiciales y extrajudiciales.<\/p><h2 class=\"wp-block-heading\">Modificaci\u00f3n de las condiciones<\/h2><p>ESPERIT ROCA DESTIL.LERIA se reserva expresamente el derecho a modificar unilateralmente, total o parcialmente, sin necesidad de previo aviso, el presente Aviso Legal. El usuario reconoce y acepta que es su responsabilidad revisarlo peri\u00f3dicamente.<\/p>","protected":false},"excerpt":{"rendered":"<p>Actualizado: julio 24 En cumplimiento con el deber de informaci\u00f3n recogido en el art\u00edculo 10 de la Ley 34\/2002, de 11 de Julio, de Servicios de la Sociedad de la Informaci\u00f3n y del Comercio Electr\u00f3nico, le informamos que el Sitio Web https:\/\/esperitrocadestileria.com\/ (en adelante, el sitio \u00abWeb\u00bb) es titularidad de JOROFON, S.L. (en adelante ESPERIT [&hellip;]<\/p>\n","protected":false},"author":1,"featured_media":0,"parent":0,"menu_order":0,"comment_status":"closed","ping_status":"closed","template":"page-templates\/legal.php","meta":{"_acf_changed":false,"inline_featured_image":false,"footnotes":""},"class_list":["post-2096","page","type-page","status-publish","hentry"],"acf":[],"_links":{"self":[{"href":"https:\/\/esperitrocadestileria.com\/es\/wp-json\/wp\/v2\/pages\/2096","targetHints":{"allow":["GET"]}}],"collection":[{"href":"https:\/\/esperitrocadestileria.com\/es\/wp-json\/wp\/v2\/pages"}],"about":[{"href":"https:\/\/esperitrocadestileria.com\/es\/wp-json\/wp\/v2\/types\/page"}],"author":[{"embeddable":true,"href":"https:\/\/esperitrocadestileria.com\/es\/wp-json\/wp\/v2\/users\/1"}],"replies":[{"embeddable":true,"href":"https:\/\/esperitrocadestileria.com\/es\/wp-json\/wp\/v2\/comments?post=2096"}],"version-history":[{"count":2,"href":"https:\/\/esperitrocadestileria.com\/es\/wp-json\/wp\/v2\/pages\/2096\/revisions"}],"predecessor-version":[{"id":3339,"href":"https:\/\/esperitrocadestileria.com\/es\/wp-json\/wp\/v2\/pages\/2096\/revisions\/3339"}],"wp:attachment":[{"href":"https:\/\/esperitrocadestileria.com\/es\/wp-json\/wp\/v2\/media?parent=2096"}],"curies":[{"name":"wp","href":"https:\/\/api.w.org\/{rel}","templated":true}]}}