

{"id":2111,"date":"2022-12-13T12:29:15","date_gmt":"2022-12-13T12:29:15","guid":{"rendered":"https:\/\/esperit-roca.com\/politica-de-cookies\/"},"modified":"2024-07-31T11:33:20","modified_gmt":"2024-07-31T11:33:20","slug":"politica-de-cookies","status":"publish","type":"page","link":"https:\/\/esperitrocadestileria.com\/es\/politica-de-cookies\/","title":{"rendered":"Pol\u00edtica de cookies"},"content":{"rendered":"<blockquote class=\"wp-block-quote is-layout-flow wp-block-quote-is-layout-flow\"><p>Actualizada:julio 24 <\/p><\/blockquote><p>El sitio web <a href=\"https:\/\/esperitrocadestileria.com\/\">https:\/\/esperitrocadestileria.com\/<\/a> es responsabilidad de JOROFON, S.L. (en adelante ESPERIT ROCA DESTIL.LERIA), con domicilio social en Can Sunyer, 46 &#8211; 17007- Girona (Girona) con CIF: B17412834 y direcci\u00f3n de correo electr\u00f3nico <a href=\"mailto:destileria@esperitroca.com\">destileria@esperitroca.com<\/a>.<\/p><p>Consecuentemente, la utilizaci\u00f3n de cookies se le aplica la presente \u00abPol\u00edtica de Uso de Cookies\u00bb que ha sido elaborada con el fin de que el usuario quede informado de los diferentes usos que se llevan a cabo en estos dispositivos y, pueda consentir su tratamiento de manera informada, de conformidad con lo previsto en la legislaci\u00f3n vigente.<\/p><h2 class=\"wp-block-heading\">\u00bfQu\u00e9 es una cookie?<\/h2><p>Una cookie es un fichero que se descarga en su ordenador al acceder el Usuario a determinadas p\u00e1ginas web. Las cookies permiten a una p\u00e1gina web, entre otras cosas, almacenar y recuperar informaci\u00f3n sobre los h\u00e1bitos de navegaci\u00f3n de un usuario o de su equipo y, dependiendo de la informaci\u00f3n que contengan y de la forma en que utilice su equipo, pueden utilizarse para reconocer al usuario.<\/p><h2 class=\"wp-block-heading\">\u00bfQu\u00e9 tipos de cookies existen?<\/h2><p>Existen varios tipos de cookies en funci\u00f3n de distintos criterios:<\/p><p>En funci\u00f3n del tiempo que permanecen activadas:<\/p><ul class=\"wp-block-list\"><li>Cookies de sesi\u00f3n. Son un tipo de cookies dise\u00f1adas para recabar y almacenar datos mientras el usuario accede a una p\u00e1gina web.<\/li>\n\n<li>Cookies permanentes: Son un tipo de cookies en el que los datos siguen almacenados en el terminal y pueden ser accedidos y tratados durante un periodo definido por el responsable de la cookie.<\/li><\/ul><p>En funci\u00f3n de la titularidad:<\/p><ul class=\"wp-block-list\"><li>Cookies propias. Son las que pertenecen a ESPERIT ROCA DESTIL.LERIA<\/li>\n\n<li>Cookies de terceros. Son aquellas cuya titularidad es de un tercero, distinto de ESPERIT ROCA DESTIL.LERIA, que ser\u00e1 quien trate la informaci\u00f3n recabada.<\/li><\/ul><p>En funci\u00f3n de su finalidad:<\/p><ul class=\"wp-block-list\"><li>Cookies t\u00e9cnicas y\/o de personalizaci\u00f3n. Son aqu\u00e9llas que sirven para mejorar el servicio, localizar incidencias, reconocer al usuario, etc.<\/li>\n\n<li>Cookies de an\u00e1lisis y\/o de publicidad. Son aqu\u00e9llas que sirven para analizar informaci\u00f3n sobre la navegaci\u00f3n y ofrecer publicidad, sea gen\u00e9rica o personalizada.<\/li><\/ul><h2 class=\"wp-block-heading\">\u00bfQu\u00e9 tipos de cookies son m\u00e1s habituales?<\/h2><p>T\u00c9CNICAS: Son cookies PROPIAS, de sesi\u00f3n, de identificaci\u00f3n, de configuraci\u00f3n y de registro, estrictamente necesarias para la identificaci\u00f3n del usuario y para la prestaci\u00f3n de los servicios solicitados por el usuario. La informaci\u00f3n obtenida a trav\u00e9s de las mismas es tratada \u00fanicamente por ESPERIT ROCA DESTIL.LERIA<\/p><p>DE AN\u00c1LISIS: Son aqu\u00e9llas que, bien tratadas por nosotros o por terceros, nos permiten cuantificar el n\u00famero de usuarios y as\u00ed realizar la medici\u00f3n y an\u00e1lisis estad\u00edstico de la utilizaci\u00f3n que hacen los usuarios del servicio ofertado. Para ello se analiza su navegaci\u00f3n en nuestra p\u00e1gina web con el fin de mejorar la oferta de productos o servicios que le ofrecemos.<\/p><p>DE PUBLICIDAD: Son aqu\u00e9llas que, bien tratadas por nosotros o por terceros, permiten la gesti\u00f3n, de la forma m\u00e1s eficaz posible, de los espacios publicitarios que se pudieran incluir en nuestra p\u00e1gina web y\/o almacenan informaci\u00f3n del comportamiento de los usuarios obtenida a trav\u00e9s de la observaci\u00f3n continuada. Gracias a ellas, podemos conocer los h\u00e1bitos de navegaci\u00f3n en internet y mostrarle publicidad relacionada con su perfil de navegaci\u00f3n.<\/p><h2 class=\"wp-block-heading\">\u00bfPara qu\u00e9 sirve una cookie?<\/h2><p>Las cookies se utilizan para poder ofrecerle servicios y\/o publicidad personalizados, para analizar el funcionamiento del sistema, reconocerle cuando accede como usuario, localizar incidencias y problemas que puedan surgir y solventarlos en el menor plazo posible, as\u00ed como analizar y medir el uso y actividad de la p\u00e1gina web.<\/p><h2 class=\"wp-block-heading\">\u00bfSe necesita mi consentimiento para implantar una cookie?<\/h2><p>No se precisa el consentimiento para la instalaci\u00f3n de cookies t\u00e9cnicas o las que sean estrictamente necesarias para la prestaci\u00f3n de un servicio de la sociedad de la informaci\u00f3n expresamente solicitado por el destinatario.<\/p><p>Para el resto, s\u00ed se precisa del consentimiento del interesado que se puede solicitar por distintas v\u00edas. En el caso de ESPERIT ROCA DESTIL.LERIA, se entender\u00e1 otorgado si Vd. acepta las cookies opcionales y no necesarias para el funcionamiento de la web y podr\u00e1 revocar el consentimiento y desactivar las cookies entrando en el apartado \u201cc\u00f3mo desactivar las cookies\u201d que se encuentra al final de este documento.<\/p><h2 class=\"wp-block-heading\">\u00bfQu\u00e9 tipos de cookies utiliza esta p\u00e1gina web?<\/h2><p>Cookies t\u00e9cnicas: Son aquellas creadas y gestionadas \u00fanicamente por nosotros, y permiten al usuario la navegaci\u00f3n a trav\u00e9s de nuestra p\u00e1gina web y la utilizaci\u00f3n de las diferentes opciones como, por ejemplo, identificar la sesi\u00f3n, personalizar informaci\u00f3n o acceder a zonas de acceso restringido.<\/p><p>El lugar web de ESPERIT ROCA DESTIL.LERIA, utiliza Google Analytics, una herramienta de anal\u00edtica web desarrollada por Google, que ayuda a los propietarios de sitios web a medir c\u00f3mo interact\u00faan los usuarios con el contenido del sitio. Para la prestaci\u00f3n de estos servicios, Google Analytics utilizan cookies que recopilan la informaci\u00f3n, incluida la direcci\u00f3n IP del usuario que ser\u00e1 trasmitida, tratada y almacenada por Google en los t\u00e9rminos fijados en la web Google.com.<\/p><p>Para m\u00e1s informaci\u00f3n ver: <a href=\"https:\/\/developers.google.com\/analytics\/devguides\/collection\/analyticsjs\/cookie-usage\">https:\/\/developers.google.com\/analytics\/devguides\/collection\/analyticsjs\/cookie-usage<\/a><\/p><p>El dominio web <a href=\"https:\/\/esperitrocadestileria.com\/\">https:\/\/esperitrocadestileria.com\/<\/a> utiliza los siguientes tipos de cookies:<\/p><figure class=\"wp-block-table\"><table><tbody><tr><td>Propiedad<\/td><td>Nombre de la cookie<\/td><td>Finalidad<\/td><td>Expira<\/td><\/tr><tr><td><a href=\"https:\/\/esperitrocadestileria.com\/\">https:\/\/esperitrocadestileria.com\/<\/a><\/td><td>__Secure-1PAPISID<\/td><td>Cookie necesaria para la utilizaci\u00f3n de las opciones y servicios del sitio web<\/td><td>1 a\u00f1o<\/td><\/tr><tr><td><a href=\"https:\/\/esperitrocadestileria.com\/\">https:\/\/esperitrocadestileria.com\/<\/a><\/td><td>__Secure-1PSID<\/td><td>Cookie necesaria para la utilizaci\u00f3n de las opciones y servicios del sitio web<\/td><td>1 a\u00f1o<\/td><\/tr><tr><td><a href=\"https:\/\/esperitrocadestileria.com\/\">https:\/\/esperitrocadestileria.com\/<\/a><\/td><td>__Secure-3PAPISID<\/td><td>Estas cookies se utilizan para entregar anuncios m\u00e1s relevantes para el usuario y sus intereses<\/td><td>2 a\u00f1os<\/td><\/tr><tr><td><a href=\"https:\/\/esperitrocadestileria.com\/\">https:\/\/esperitrocadestileria.com\/<\/a><\/td><td>__Secure-3PSID<\/td><td>Estas cookies se utilizan para entregar anuncios m\u00e1s relevantes para el usuario y sus intereses<\/td><td>13 meses<\/td><\/tr><tr><td><a href=\"https:\/\/esperitrocadestileria.com\/\">https:\/\/esperitrocadestileria.com\/<\/a><\/td><td>_ga<\/td><td>Habilita la funci\u00f3n de control de visitas \u00fanicas. La primera vez que un usuario entra en un sitio web a trav\u00e9s de un navegador se instalar\u00e1 esta cookie. Cuando este usuario vuelva a entrar en la web con el mismo navegador, la cookie considerar\u00e1 que es el mismo usuario. S\u00f3lo en el caso que el usuario cambie de navegador, se considerar\u00e1 que es otro usuario.<\/td><td>2 a\u00f1os<\/td><\/tr><tr><td><a href=\"https:\/\/esperitrocadestileria.com\/\">https:\/\/esperitrocadestileria.com\/<\/a><\/td><td>APISID<\/td><td>Cookie que almacena las preferencias del usuario en Google.<\/td><td>2 a\u00f1os<\/td><\/tr><tr><td><a href=\"https:\/\/esperitrocadestileria.com\/\">https:\/\/esperitrocadestileria.com\/<\/a><\/td><td>cookies_accept<\/td><td>Se utiliza para almacenar el consentimiento del usuario.<\/td><td>2 a\u00f1os<\/td><\/tr><tr><td><a href=\"https:\/\/esperitrocadestileria.com\/\">https:\/\/esperitrocadestileria.com\/<\/a><\/td><td>HSID<\/td><td>Cookie que sirve para almacenar las preferencias del usuario en Google.<\/td><td>La sesi\u00f3n<\/td><\/tr><tr><td><a href=\"https:\/\/esperitrocadestileria.com\/\">https:\/\/esperitrocadestileria.com\/<\/a><\/td><td>NID<\/td><td>Se usa para mostrar anuncios de Google en los servicios de Google a los usuarios que no tengan la sesi\u00f3n iniciada.<\/td><td>6 meses<\/td><\/tr><tr><td><a href=\"https:\/\/esperitrocadestileria.com\/\">https:\/\/esperitrocadestileria.com\/<\/a><\/td><td>SAPISID<\/td><td>Esta cookie almacena las preferencias del usuario en Google.<\/td><td>La sesi\u00f3n<\/td><\/tr><tr><td><a href=\"https:\/\/esperitrocadestileria.com\/\">https:\/\/esperitrocadestileria.com\/<\/a><\/td><td>sbjs_current sbjs_current_add<br>sbjs_first<br>sbjs_first_add<br>sbjs_migrations<br>sbjs_session<br>sbjs_udata<\/td><td>Estas cookies sirven para identificar la fuente de una visita y almacenar informaci\u00f3n sobre las acciones del usuario al respecto en una cookie. Se trata de una cookie anal\u00edtica y comportamental que se utiliza para mejorar la experiencia de los visitantes del sitio web.<\/td><td>La sesi\u00f3n<\/td><\/tr><tr><td><a href=\"https:\/\/esperitrocadestileria.com\/\">https:\/\/esperitrocadestileria.com\/<\/a><\/td><td>SID<\/td><td>Esta cookie sirve para proporcionar entrega de anuncios o proporcionar prevenci\u00f3n de fraude.<\/td><td>2 a\u00f1os<\/td><\/tr><tr><td><a href=\"https:\/\/esperitrocadestileria.com\/\">https:\/\/esperitrocadestileria.com\/<\/a><\/td><td>SSID<\/td><td>Cookie que almacena informaci\u00f3n, identificadores y preferencias de Google.<\/td><td>2 a\u00f1os<\/td><\/tr><tr><td><a href=\"https:\/\/esperitrocadestileria.com\/\">https:\/\/esperitrocadestileria.com\/<\/a><\/td><td>wp-wpml_current_language<\/td><td>Almacena el idioma actual. Esta cookie est\u00e1 configurada s\u00f3lo para usuarios registrados.<\/td><td>1 d\u00eda<\/td><\/tr><\/tbody><\/table><\/figure><h2 class=\"wp-block-heading\">\u00bfC\u00f3mo desactivar cookies?<\/h2><p>Puede permitir, bloquear o eliminar las cookies instaladas en su equipo mediante la configuraci\u00f3n de las opciones del navegador instalado en su ordenador.<\/p><ul class=\"wp-block-list\"><li>Firefox : <a href=\"https:\/\/support.mozilla.org\/es\/kb\/habilitar-y-deshabilitar-cookies-sitios-web-rastrear-preferencias?redirectlocale=es&amp;redirectslug=habilitar-y-deshabilitar-cookies-que-los-sitios-we\">https:\/\/support.mozilla.org\/es\/kb\/habilitar-y-deshabilitar-cookies-sitios-web-rastrear-preferencias?redirectlocale=es&amp;redirectslug=habilitar-y-deshabilitar-cookies-que-los-sitios-we<\/a><\/li>\n\n<li>Chrome: <a href=\"https:\/\/support.google.com\/chrome\/answer\/95647?hl=es\">https:\/\/support.google.com\/chrome\/answer\/95647?hl=es<\/a><\/li>\n\n<li>Internet Explorer: <a href=\"https:\/\/support.microsoft.com\/es-es\/products\/windows?os=windows-10\">https:\/\/support.microsoft.com\/es-es\/products\/windows?os=windows-10<\/a><\/li>\n\n<li>Safari: <a href=\"https:\/\/support.apple.com\/kb\/ph5042?locale=es_ES\">https:\/\/support.apple.com\/kb\/ph5042?locale=es_ES<\/a><\/li>\n\n<li>Safari para iOS: <a href=\"https:\/\/support.apple.com\/es-es\/HT201265\">https:\/\/support.apple.com\/es-es\/HT201265<\/a><\/li>\n\n<li>Opera: <a href=\"http:\/\/help.opera.com\/Windows\/11.50\/es-ES\/cookies.html\">http:\/\/help.opera.com\/Windows\/11.50\/es-ES\/cookies.html<\/a><\/li><\/ul><h2 class=\"wp-block-heading\">Ejercicio de derechos<\/h2><p>Puede conocer y ejercer sus derechos en materia de protecci\u00f3n de datos accediendo a nuestra pol\u00edtica de privacidad <a href=\"https:\/\/esperitrocadestileria.com\/\/politica-de-privacidad\/\">https:\/\/esperitrocadestileria.com\/\/politica-de-privacidad\/<\/a><\/p><h2 class=\"wp-block-heading\">Informaci\u00f3n adicional<\/h2><p>Pueden consultar m\u00e1s informaci\u00f3n en la gu\u00eda sobre el uso de las cookies editada por la AEPD en el siguiente enlace: <a href=\"https:\/\/www.aepd.es\/es\/documento\/guia-cookies.pdf\">https:\/\/www.aepd.es\/es\/documento\/guia-cookies.pdf<\/a><\/p>","protected":false},"excerpt":{"rendered":"<p>Actualizada:julio 24 El sitio web https:\/\/esperitrocadestileria.com\/ es responsabilidad de JOROFON, S.L. (en adelante ESPERIT ROCA DESTIL.LERIA), con domicilio social en Can Sunyer, 46 &#8211; 17007- Girona (Girona) con CIF: B17412834 y direcci\u00f3n de correo electr\u00f3nico destileria@esperitroca.com. Consecuentemente, la utilizaci\u00f3n de cookies se le aplica la presente \u00abPol\u00edtica de Uso de Cookies\u00bb que ha sido elaborada [&hellip;]<\/p>\n","protected":false},"author":1,"featured_media":0,"parent":0,"menu_order":0,"comment_status":"closed","ping_status":"closed","template":"page-templates\/legal.php","meta":{"_acf_changed":false,"inline_featured_image":false,"footnotes":""},"class_list":["post-2111","page","type-page","status-publish","hentry"],"acf":[],"_links":{"self":[{"href":"https:\/\/esperitrocadestileria.com\/es\/wp-json\/wp\/v2\/pages\/2111","targetHints":{"allow":["GET"]}}],"collection":[{"href":"https:\/\/esperitrocadestileria.com\/es\/wp-json\/wp\/v2\/pages"}],"about":[{"href":"https:\/\/esperitrocadestileria.com\/es\/wp-json\/wp\/v2\/types\/page"}],"author":[{"embeddable":true,"href":"https:\/\/esperitrocadestileria.com\/es\/wp-json\/wp\/v2\/users\/1"}],"replies":[{"embeddable":true,"href":"https:\/\/esperitrocadestileria.com\/es\/wp-json\/wp\/v2\/comments?post=2111"}],"version-history":[{"count":2,"href":"https:\/\/esperitrocadestileria.com\/es\/wp-json\/wp\/v2\/pages\/2111\/revisions"}],"predecessor-version":[{"id":3343,"href":"https:\/\/esperitrocadestileria.com\/es\/wp-json\/wp\/v2\/pages\/2111\/revisions\/3343"}],"wp:attachment":[{"href":"https:\/\/esperitrocadestileria.com\/es\/wp-json\/wp\/v2\/media?parent=2111"}],"curies":[{"name":"wp","href":"https:\/\/api.w.org\/{rel}","templated":true}]}}