

{"id":2124,"date":"2022-12-13T12:29:39","date_gmt":"2022-12-13T12:29:39","guid":{"rendered":"https:\/\/esperit-roca.com\/politica-de-privacitat\/"},"modified":"2024-07-31T11:59:33","modified_gmt":"2024-07-31T11:59:33","slug":"politica-de-privacitat","status":"publish","type":"page","link":"https:\/\/esperitrocadestileria.com\/es\/politica-de-privacitat\/","title":{"rendered":"Pol\u00edtica de privacidad"},"content":{"rendered":"<blockquote class=\"wp-block-quote is-layout-flow wp-block-quote-is-layout-flow\"><p>Actualizado: julio 24<\/p><\/blockquote><h2 class=\"wp-block-heading\">Informaci\u00f3n b\u00e1sica sobre Protecci\u00f3n de Datos<\/h2><figure class=\"wp-block-table\"><table><tbody><tr><td>&nbsp;Responsable&nbsp;<\/td><td>JOROFON, S.L. (en adelante ESPERIT ROCA DESTIL.LERIA)<\/td><\/tr><tr><td>Finalidad<\/td><td>Prestaci\u00f3n de servicios online<br>Gesti\u00f3n de usuarios web<br>Comunicaciones comerciales relacionadas con nuestros servicios.<br>Gestionar datos aportados por los candidatos a proceso de selecci\u00f3n de personal<\/td><\/tr><tr><td>&nbsp;Legitimaci\u00f3n&nbsp;<\/td><td>Consentimiento expreso, ejecuci\u00f3n de contrato e inter\u00e9s leg\u00edtimo<\/td><\/tr><tr><td>&nbsp;Destinatarios&nbsp;<\/td><td>No se ceder\u00e1n datos a terceros, salvo:<ul><li>a empresas especializadas en selecci\u00f3n de personal y an\u00e1lisis de perfiles para los candidatos a un lugar de trabajo.<\/li><li>por obligaci\u00f3n legal.<\/li><\/ul><\/td><\/tr><tr><td>Derechos<\/td><td>Acceder, rectificar y suprimir los datos, as\u00ed como otros derechos, tal como se especifica en la informaci\u00f3n adicional.<\/td><\/tr><tr><td>Informaci\u00f3n adicional<\/td><td>Puede consultar la informaci\u00f3n adicional y detallada sobre Protecci\u00f3n de Datos en las Cl\u00e1usulas anexas que se encuentran en: <a href=\"https:\/\/esperitrocadestileria.com\/politica-de-privacidad\/\">https:\/\/esperitrocadestileria.com\/politica-de-privacidad\/<\/a><\/td><\/tr><\/tbody><\/table><\/figure><p>JOROFON, S.L. (en adelante ESPERIT ROCA DESTIL.LERIA) trabajamos para ofrecerle a trav\u00e9s de nuestros productos y servicios la mejor experiencia posible. En algunos casos, es necesario recabar informaci\u00f3n para conseguirlo. Nos importa su privacidad y creemos que debemos ser transparentes al respecto.<\/p><p>Por ello, y a efectos de lo previsto en el Reglamento (UE) 2016\/679 del Parlamento Europeo y del Consejo de 27 de abril de 2016 (en adelante, \u201cRGPD\u201d) relativo a la protecci\u00f3n de las personas f\u00edsicas en lo que respecta al tratamiento de datos personales y a la libre circulaci\u00f3n de estos datos, y la LEY 34\/2002, de 11 de julio, de Servicios de la Sociedad de la informaci\u00f3n y de comercio electr\u00f3nico (en adelante, \u201cLSSI\u201d), ESPERIT ROCA DESTIL.LERIA informa al usuario que, como responsable del tratamiento, incorporar\u00e1 los datos de car\u00e1cter personal facilitados por los usuarios en un fichero automatizado.<\/p><p>Nuestro compromiso empieza por explicarle lo siguiente:<\/p><ul class=\"wp-block-list\"><li>Se recogen sus datos para que la experiencia de usuario mejore, atendiendo a sus intereses y necesidades.<\/li>\n\n<li>Somos transparentes en relaci\u00f3n a los datos que obtenemos acerca de usted y la raz\u00f3n por la que lo hacemos.<\/li>\n\n<li>Nuestra intenci\u00f3n es ofrecerle la mejor experiencia posible. Por ello, cuando vayamos a usar su informaci\u00f3n personal lo haremos siempre cumpliendo la normativa, y cuando sea necesario, solicitaremos su consentimiento.<\/li>\n\n<li>Entendemos que sus datos le pertenecen. Por tanto, si decide no autorizarnos a procesarlos puede solicitarnos que dejemos de tratarlos.<\/li>\n\n<li>Nuestra prioridad consiste en garantizar su seguridad y tratar sus datos de acuerdo con la normativa europea.<\/li><\/ul><p>Si desea obtener m\u00e1s informaci\u00f3n sobre el tratamiento de sus datos, consulte los distintos apartados de la pol\u00edtica de privacidad que se encuentran a continuaci\u00f3n:<\/p><h2 class=\"wp-block-heading\">\u00bfQui\u00e9n es el responsable del tratamiento de sus datos personales?<\/h2><p>Denominaci\u00f3n social: JOROFON, S.L.<br>Denominaci\u00f3n comercial: ESPERIT ROCA DESTIL.LERIA<br>Domicilio social: Can Sunyer, 46 &#8211; 17007- Girona (Girona)<br>C.I.F.: B17412834<br>e-mail: <a href=\"mailto:destileria@esperitroca.com\">destileria@esperitroca.com<\/a><br><\/p><p>ESPERIT ROCA DESTIL.LERIA ha designado una persona de contacto interna como coordinador de la adaptaci\u00f3n dentro de su organizaci\u00f3n. Si desea hacer una consulta en relaci\u00f3n al tratamiento de sus datos personales, puede ponerse en contacto con \u00e9l mediante el <a href=\"mailto:destileria@esperitroca.com\">destileria@esperitroca.com<\/a><\/p><h2 class=\"wp-block-heading\">\u00bfQu\u00e9 datos personales recopilamos?<\/h2><p>Los datos personales que el usuario puede llegar a proporcionar:<\/p><ul class=\"wp-block-list\"><li>Nombre, direcci\u00f3n y fecha de nacimiento.<\/li>\n\n<li>N\u00famero de tel\u00e9fono y direcci\u00f3n de correo electr\u00f3nico.<\/li>\n\n<li>Ubicaci\u00f3n.<\/li>\n\n<li>Informaci\u00f3n relativa a pagos y devoluciones.<\/li>\n\n<li>Direcci\u00f3n IP, fecha y hora en la que ha accedido a nuestros servicios, navegador de internet que use y datos sobre el sistema operativo del dispositivo.<\/li>\n\n<li>Los datos de Curriculum Vitae (CV) de los candidatos a un lugar de trabajo.<\/li>\n\n<li>Cualquier otra informaci\u00f3n o datos que decida compartir con nosotros.<\/li><\/ul><p>En algunos casos, es obligatoria la cumplimentaci\u00f3n del formulario de registro para acceder y disfrutar de determinados servicios ofrecidos en la web; asimismo, no facilitar los datos personales solicitados o el no aceptar la presente pol\u00edtica de protecci\u00f3n de datos supone la imposibilidad de suscribirse, registrarse o participar en cualquiera de las promociones en las que se soliciten datos car\u00e1cter personal.<\/p><h2 class=\"wp-block-heading\">\u00bfPor qu\u00e9 y para qu\u00e9 tratamos sus datos?<\/h2><p>En ESPERIT ROCA DESTIL.LERIA tratamos la informaci\u00f3n que nos facilitan las personas interesadas con las siguientes finalidades:<\/p><ul class=\"wp-block-list\"><li>Gestionar la contrataci\u00f3n de alguno de nuestros servicios, ya sea online o en nuestras oficinas f\u00edsicas.<\/li>\n\n<li>Gestionar el env\u00edo de la informaci\u00f3n que nos soliciten.<\/li>\n\n<li>Gestionar los datos aportados por los candidatos a un lugar de trabajo por medio de su Curriculum Vitae (CV) con la \u00fanica finalidad de llevar a t\u00e9rmino el proceso de selecci\u00f3n de personal.<\/li>\n\n<li>Desarrollar acciones comerciales y realizar el mantenimiento y gesti\u00f3n de la relaci\u00f3n con el usuario, as\u00ed como la gesti\u00f3n de los servicios ofrecido a trav\u00e9s del sitio web y las labores de informaci\u00f3n, pudiendo realizar valoraciones autom\u00e1ticas, obtenci\u00f3n de perfiles y labores de segmentaci\u00f3n de los clientes con el objeto de personalizar el trato conforme a sus caracter\u00edsticas y necesidades y mejorar la experiencia en l\u00ednea del cliente. Desarrollar y gestionar los concursos, sorteos u otras actividades promocionales que se puedan organizar.<\/li>\n\n<li>En algunos casos ser\u00e1 necesario facilitar informaci\u00f3n a las Autoridades o terceras empresas por motivos de auditor\u00eda, as\u00ed como manejar datos personales de facturas, contratos y documentos para responder a reclamaciones de clientes o de las Administraciones P\u00fablicas<\/li><\/ul><p>Informamos que los datos personales que se obtengan como consecuencia de tu registro como usuario formar\u00e1n parte del Registro de Actividades y operaciones de Tratamiento (RAT), que se actualizar\u00e1 peri\u00f3dicamente de acuerdo con lo establecido en el RGPD.<\/p><h2 class=\"wp-block-heading\">\u00bfCu\u00e1l es la legitimaci\u00f3n para el tratamiento de sus datos?<\/h2><p>El tratamiento de sus datos puede fundamentarse en las siguientes bases legales:<\/p><ul class=\"wp-block-list\"><li>Consentimiento del interesado para los formularios de contacto, las solicitudes de informaci\u00f3n o alta en newsletters.<\/li>\n\n<li>Ejecuci\u00f3n de contrato para la contrataci\u00f3n de servicios y productos o la contrataci\u00f3n de personal en el \u00e1mbito laboral.<\/li>\n\n<li>Inter\u00e9s leg\u00edtimo para el tratamiento de datos de nuestros clientes en acciones de marketing directo y consentimiento expreso del interesado para todo lo relativo a las valoraciones autom\u00e1ticas y elaboraci\u00f3n de perfiles.<\/li>\n\n<li>Cumplimiento de obligaciones legales para prevenci\u00f3n del fraude, comunicaci\u00f3n con Autoridades p\u00fablicas y reclamaciones de terceros.<\/li><\/ul><h2 class=\"wp-block-heading\">\u00bfCu\u00e1nto tiempo conservamos sus datos?<\/h2><p>El tratamiento de los datos con las finalidades descritas se mantendr\u00e1 durante el tiempo necesario para cumplir con la finalidad de su recogida (por ejemplo, mientras dure la relaci\u00f3n comercial), as\u00ed como para el cumplimiento de las obligaciones legales que se deriven del tratamiento de los datos.<\/p><p>El tiempo de conservaci\u00f3n de los CV de los candidatos a procesos de selecci\u00f3n de personal, no seleccionados, ser\u00e1 de un a\u00f1o desde la recepci\u00f3n del mismo.<\/p><h2 class=\"wp-block-heading\">\u00bfA qu\u00e9 destinatarios se comunican sus datos?<\/h2><p>En algunos casos, solo cuando sea necesario, ESPERIT ROCA DESTIL.LERIA proporcionar\u00e1 datos de los usuarios a terceros. Sin embargo, nunca se vender\u00e1n los datos a terceros. Los proveedores de servicios externos (por ejemplo, proveedores de pago o empresas de reparto) con los que ESPERIT ROCA DESTIL.LERIA trabaje pueden usar los datos para proporcionar los servicios correspondientes, sin embargo, no usar\u00e1n dicha informaci\u00f3n para fines propios o para cesi\u00f3n a terceros.<\/p><p>ESPERIT ROCA DESTIL.LERIA procura garantizar la seguridad de los datos personales cuando se env\u00edan fuera de la empresa y se asegura que los terceros proveedores de servicio respetan la confidencialidad y cuentan con las medidas adecuadas para proteger los datos personales. Dichos terceros tienen la obligaci\u00f3n de garantizar que la informaci\u00f3n se trata conforme con la normativa de privacidad de datos.<\/p><p>En algunos casos, la ley puede exigir que se revelen datos personales a organismos p\u00fablicos u otras partes, solo se revelar\u00e1 lo estrictamente necesario para el cumplimiento de dichas obligaciones legales.<\/p><p>Los datos personales obtenidos tambi\u00e9n podr\u00e1n ser compartidos con otras empresas actuales o futuras de ESPERIT ROCA DESTIL.LERIA.<\/p><h2 class=\"wp-block-heading\">\u00bfD\u00f3nde se almacenan sus datos?<\/h2><p>Con car\u00e1cter general, los datos se almacenan dentro de la UE. Los datos que se env\u00eden a terceros que no pertenezcan a la UE, nos aseguraremos de que ofrezcan un nivel de protecci\u00f3n suficiente, ya sea porque cuentan con Normas Corporativas Vinculantes (BCR) o porque se hayan adherido al \u201cPrivacy Shield\u201d o al acuerdo que sea vigente en cada momento.<\/p><h2 class=\"wp-block-heading\">\u00bfQu\u00e9 derechos le asisten y c\u00f3mo puede ejercerlos?<\/h2><p>Puedes dirigir sus comunicaciones y ejercitar sus derechos mediante una petici\u00f3n en el siguiente correo electr\u00f3nico <a href=\"mailto:destileria@esperitroca.com\">destileria@esperitroca.com<\/a>.<\/p><p>En virtud de lo que establece el RGPD puede solicitar:<\/p><ul class=\"wp-block-list\"><li>Derecho de acceso: puede pedir informaci\u00f3n de aquellos datos personales que dispongamos acerca de usted.<\/li>\n\n<li>Derecho de rectificaci\u00f3n: puede comunicar cualquier cambio en sus datos personales.<\/li>\n\n<li>Derecho de supresi\u00f3n y al olvido: puede solicitar la eliminaci\u00f3n previo bloqueo de los datos personales.<\/li>\n\n<li>Derecho de limitaci\u00f3n al tratamiento: supone la restricci\u00f3n del tratamiento de los datos personales.<\/li>\n\n<li>Derecho de oposici\u00f3n: puede retirar el consentimiento del tratamiento de los datos, oponi\u00e9ndose a que se sigan tratando.<\/li>\n\n<li>Derecho a la portabilidad: en algunos casos, puede pedir una copia de los datos personales en un formato estructurado, de uso com\u00fan y lectura mec\u00e1nica para su transmisi\u00f3n a otro responsable.<\/li>\n\n<li>Derecho a no ser objeto de decisiones individualizadas: puede solicitar que no se tomen decisiones que se basen \u00fanicamente en el tratamiento automatizado, incluyendo la elaboraci\u00f3n de perfiles, que produzca efectos jur\u00eddicos o afecte significativamente al interesado.<\/li><\/ul><p>En algunos casos, se podr\u00e1 rechazar la solicitud si solicita que se eliminen datos necesarios para el cumplimiento de obligaciones legales.<\/p><p>Asimismo, si tiene alguna queja sobre el tratamiento de los datos puedes presentar una reclamaci\u00f3n ante la autoridad de protecci\u00f3n de datos.<\/p><h2 class=\"wp-block-heading\">\u00bfQui\u00e9n es el responsable de la exactitud y veracidad de los datos facilitados?<\/h2><p>El usuario es el \u00fanico responsable de la veracidad y correcci\u00f3n de los datos incluidos, exonerando a ESPERIT ROCA DESTIL.LERIA de cualquier responsabilidad al respecto. Los usuarios garantizan y responden, en cualquier caso, de la exactitud, vigencia y autenticidad de los datos personales facilitados, y se comprometen a mantenerlos debidamente actualizados. El usuario acepta proporcionar informaci\u00f3n completa y correcta en el formulario de registro o suscripci\u00f3n. ESPERIT ROCA DESTIL.LERIA se reserva el derecho de finalizar los servicios contratados que se hubiera celebrado con los usuarios, en caso de que los datos que haya facilitado sean falsos, incompletos, inexactos o no est\u00e9n actualizados.<\/p><p>ESPERIT ROCA DESTIL.LERIA no responde de la veracidad de las informaciones que no sean de elaboraci\u00f3n propia y de las que se indique otra fuente, por lo que tampoco asume responsabilidad alguna en cuanto a hipot\u00e9ticos perjuicios que pudieran originarse por el uso de dicha informaci\u00f3n.<\/p><p>ESPERIT ROCA DESTIL.LERIA se reserva el derecho a actualizar, modificar o eliminar la informaci\u00f3n contenida en sus p\u00e1ginas web pudiendo incluso limitar o no permitir el acceso a dicha informaci\u00f3n. Se exonera a ESPERIT ROCA DESTIL.LERIA de responsabilidad ante cualquier da\u00f1o o perjuicio que pudiera sufrir el usuario como consecuencia de errores, defectos u omisiones, en la informaci\u00f3n facilitada por ESPERIT ROCA DESTIL.LERIA siempre que proceda de fuentes ajenas a la misma.<\/p><p>Asimismo, el usuario certifica que es mayor de 14 a\u00f1os y que posee la capacidad legal necesaria para la prestaci\u00f3n del consentimiento en cuanto al tratamiento de sus datos de car\u00e1cter personal.<\/p><h2 class=\"wp-block-heading\">\u00bfC\u00f3mo tratamos los datos personales de los menores de edad?<\/h2><p>En principio nuestros productos o servicios no van dirigidos espec\u00edficamente a menores de edad. Sin embargo, en el supuesto de que alguno de ellos se dirija a menores de catorce a\u00f1os, de conformidad con el art\u00edculo 8 del RGPD y el art\u00edculo 7 de la LO 3\/2018, de 5 de diciembre (LOPDGDD), ESPERIT ROCA DESTIL.LERIA exigir\u00e1 el consentimiento v\u00e1lido, libre, inequ\u00edvoco, espec\u00edfico e informado de sus tutores legales para tratar los datos personales de los menores. En este caso, se exigir\u00e1 el DNI u otra forma de identificaci\u00f3n de quien preste el consentimiento.<\/p><p>En el caso de mayores de catorce a\u00f1os podr\u00e1 procederse al tratamiento de los datos con el consentimiento del usuario, exceptuando aquellos casos en los que la Ley exija la asistencia de los titulares de la patria potestad o tutela.<\/p><h2 class=\"wp-block-heading\">\u00bfQu\u00e9 medidas de seguridad aplicamos para proteger sus datos personales?<\/h2><p>ESPERIT ROCA DESTIL.LERIA ha adoptado los niveles de seguridad de protecci\u00f3n de los Datos Personales legalmente requeridos, y procura instalar aquellos otros medios y medidas t\u00e9cnicas adicionales a su alcance para evitar la p\u00e9rdida, mal uso, alteraci\u00f3n, acceso no autorizado y robo de los Datos Personales facilitados a ESPERIT ROCA DESTIL.LERIA.<\/p><p>ESPERIT ROCA DESTIL.LERIA no es responsable de hipot\u00e9ticos da\u00f1os o perjuicios que se pudieran derivar de interferencias, omisiones, interrupciones, virus inform\u00e1ticos, aver\u00edas telef\u00f3nicas o desconexiones en el funcionamiento operativo de este sistema electr\u00f3nico, motivadas por causas ajenas a ESPERIT ROCA DESTIL.LERIA; de retrasos o bloqueos en el uso del presente sistema electr\u00f3nico causados por deficiencias o sobrecargas de l\u00edneas telef\u00f3nicas o sobrecargas en el Centro de Procesos de Datos, en el sistema de Internet o en otros sistemas electr\u00f3nicos, as\u00ed como de da\u00f1os que puedan ser causados por terceras personas mediante intromisiones ileg\u00edtimas fuera del control de ESPERIT ROCA DESTIL.LERIA. Ello, no obstante, el usuario debe ser consciente de que las medidas de seguridad en Internet no son inexpugnables.<\/p><h2 class=\"wp-block-heading\">Enlaces a otros sitios web<\/h2><p>En el sitio web <a href=\"https:\/\/esperitrocadestileria.com\/\">https:\/\/esperitrocadestileria.com\/<\/a> puede haber enlaces a otras p\u00e1ginas web. Al clicar en uno de estos enlaces y acceder a un sitio web externo, la visita estar\u00e1 sujeta a la pol\u00edtica de privacidad de dicho sitio web, quedando ESPERIT ROCA DESTIL.LERIA desvinculada de cualquier tipo de responsabilidad acerca de su pol\u00edtica de privacidad.<\/p><h2 class=\"wp-block-heading\">\u00bfC\u00f3mo utilizamos las cookies?<\/h2><p>El sitio web y las RRSS de ESPERIT ROCA DESTIL.LERIA utilizan cookies, a los efectos de optimizar y personalizar su navegaci\u00f3n por el mismo. Las cookies son ficheros f\u00edsicos de informaci\u00f3n que se alojan en el propio terminal del usuario, la informaci\u00f3n recogida mediante las cookies sirve para facilitar la navegaci\u00f3n del usuario por el portal y optimizar la experiencia de navegaci\u00f3n. Los datos recopilados mediante las cookies pueden ser compartidos con los creadores de las mismas, pero en ning\u00fan caso la informaci\u00f3n obtenida por las mismas ser\u00e1 asociada a datos personales ni a datos que puedan identificar al usuario.<\/p><p>Sin embargo, si el usuario no desea que se instalen cookies en su disco duro, tiene la posibilidad de configurar el navegador de tal modo que impida la instalaci\u00f3n de estos archivos. Para obtener m\u00e1s informaci\u00f3n consulte nuestra Pol\u00edtica de Cookies <a href=\"https:\/\/esperitrocadestileria.com\/politica-de-cookies\/\">https:\/\/esperitrocadestileria.com\/politica-de-cookies\/<\/a><\/p><h2 class=\"wp-block-heading\">\u00bfPuede modificarse la pol\u00edtica de privacidad?<\/h2><p>Esta pol\u00edtica de privacidad puede modificarse, le recomendamos que la revise con cierta periodicidad.<\/p>","protected":false},"excerpt":{"rendered":"<p>Actualizado: julio 24 Informaci\u00f3n b\u00e1sica sobre Protecci\u00f3n de Datos &nbsp;Responsable&nbsp; JOROFON, S.L. (en adelante ESPERIT ROCA DESTIL.LERIA) Finalidad Prestaci\u00f3n de servicios onlineGesti\u00f3n de usuarios webComunicaciones comerciales relacionadas con nuestros servicios.Gestionar datos aportados por los candidatos a proceso de selecci\u00f3n de personal &nbsp;Legitimaci\u00f3n&nbsp; Consentimiento expreso, ejecuci\u00f3n de contrato e inter\u00e9s leg\u00edtimo &nbsp;Destinatarios&nbsp; No se ceder\u00e1n datos [&hellip;]<\/p>\n","protected":false},"author":1,"featured_media":0,"parent":0,"menu_order":0,"comment_status":"closed","ping_status":"closed","template":"page-templates\/legal.php","meta":{"_acf_changed":false,"inline_featured_image":false,"footnotes":""},"class_list":["post-2124","page","type-page","status-publish","hentry"],"acf":[],"_links":{"self":[{"href":"https:\/\/esperitrocadestileria.com\/es\/wp-json\/wp\/v2\/pages\/2124","targetHints":{"allow":["GET"]}}],"collection":[{"href":"https:\/\/esperitrocadestileria.com\/es\/wp-json\/wp\/v2\/pages"}],"about":[{"href":"https:\/\/esperitrocadestileria.com\/es\/wp-json\/wp\/v2\/types\/page"}],"author":[{"embeddable":true,"href":"https:\/\/esperitrocadestileria.com\/es\/wp-json\/wp\/v2\/users\/1"}],"replies":[{"embeddable":true,"href":"https:\/\/esperitrocadestileria.com\/es\/wp-json\/wp\/v2\/comments?post=2124"}],"version-history":[{"count":4,"href":"https:\/\/esperitrocadestileria.com\/es\/wp-json\/wp\/v2\/pages\/2124\/revisions"}],"predecessor-version":[{"id":3347,"href":"https:\/\/esperitrocadestileria.com\/es\/wp-json\/wp\/v2\/pages\/2124\/revisions\/3347"}],"wp:attachment":[{"href":"https:\/\/esperitrocadestileria.com\/es\/wp-json\/wp\/v2\/media?parent=2124"}],"curies":[{"name":"wp","href":"https:\/\/api.w.org\/{rel}","templated":true}]}}