

{"id":3247,"date":"2024-03-19T10:13:55","date_gmt":"2024-03-19T10:13:55","guid":{"rendered":"https:\/\/esperit-roca.com\/?page_id=3247"},"modified":"2024-04-03T14:28:06","modified_gmt":"2024-04-03T14:28:06","slug":"canal-denuncia","status":"publish","type":"page","link":"https:\/\/esperitrocadestileria.com\/es\/canal-denuncia\/","title":{"rendered":"Canal de Denuncia"},"content":{"rendered":"<p>El Canal de Denuncias es el mecanismo que JOROFON S.L. pone a disposici\u00f3n de todas las personas trabajadoras, de la direcci\u00f3n y administraci\u00f3n de las sociedades del Grupo y de terceros que se relacionen con las mismas y, en particular, de proveedores y contratistas, personas accionistas, personal voluntario, personal becario y personas trabajadoras en periodos de formaci\u00f3n, para que puedan comunicar cualquier informaci\u00f3n relacionada con alguna sociedad del Grupo y que pueda suponer:<\/p><ul class=\"wp-block-list\"><li>Una posible irregularidad o acto contrario a cualquier normativa interna de aplicaci\u00f3n<\/li>\n\n<li>Una posible irregularidad o acto contrario a la legalidad<\/li>\n\n<li>Una posible irregularidad administrativa<\/li><\/ul><p>El canal es accesible a trav\u00e9s de las siguientes v\u00edas:<\/p><ul class=\"wp-block-list\"><li>Direcci\u00f3n de correo electr\u00f3nico: <a href=\"mailto:canaldenuncia@cellercanroca.com\">canaldenuncia@cellercanroca.com<\/a><\/li>\n\n<li>N\u00famero de tel\u00e9fono: 972222157<\/li>\n\n<li>Direcci\u00f3n postal: Can Sunyer, 48 Girona 17007<\/li><\/ul><p>Las denuncias se pueden realizar, si as\u00ed lo desea, de manera an\u00f3nima, En dicho caso le informamos que los metadatos de un archivo son datos que ofrecen informaci\u00f3n estructurada sobre el contenido, como la fecha de creaci\u00f3n, el tipo de archivo y, de manera relevante, el autor. Esta \u00faltima informaci\u00f3n puede proporcionar una identificaci\u00f3n de qui\u00e9n es el creador del archivo sin necesidad de abrirlo. Si desea hacer una denuncia de forma an\u00f3nima, deber\u00eda eliminar los metadatos en los archivos que desea enviar (<a href=\"https:\/\/www.xataka.com\/basics\/que-metadatos-archivo-que-informacion-muestran-como-se-borran\">Como eliminar los metadatos<\/a>).<\/p><p>Si lo prefiere puede incluir los datos de contacto, con el <strong><a href=\"https:\/\/drive.google.com\/file\/d\/1fdqsPKbTsSHbdJ9fOIIqTnXRuZKRs0qY\/view?usp=sharing\">formulario de denuncia<\/a><\/strong>. La informaci\u00f3n recopilada en la denuncia ser\u00e1 tratada de forma segura y confidencial.<\/p><p>A solicitud del interesado, las denuncias tambi\u00e9n pueden presentarse mediante reuni\u00f3n presencial, debiendo para ello dirigir la petici\u00f3n a trav\u00e9s de alguna de las v\u00edas de comunicaci\u00f3n mencionadas anteriormente.<\/p><p>Sin perjuicio de las v\u00edas de acceso detalladas, el interesado puede dirigirse ante la Autoridad Independiente de Protecci\u00f3n del Informante.<\/p><p>Se tramitan las denuncias recibidas con diligencia y prontitud promoviendo su comprobaci\u00f3n e impulsando las medidas para su resoluci\u00f3n, de acuerdo con los procedimientos internos establecidos en la Pol\u00edtica de Gesti\u00f3n del Sistema Interno de Informaci\u00f3n de JOROFON S.L.<\/p>","protected":false},"excerpt":{"rendered":"<p>El Canal de Denuncias es el mecanismo que JOROFON S.L. pone a disposici\u00f3n de todas las personas trabajadoras, de la direcci\u00f3n y administraci\u00f3n de las sociedades del Grupo y de terceros que se relacionen con las mismas y, en particular, de proveedores y contratistas, personas accionistas, personal voluntario, personal becario y personas trabajadoras en periodos [&hellip;]<\/p>\n","protected":false},"author":1,"featured_media":0,"parent":0,"menu_order":0,"comment_status":"closed","ping_status":"closed","template":"page-templates\/legal.php","meta":{"_acf_changed":false,"inline_featured_image":false,"footnotes":""},"class_list":["post-3247","page","type-page","status-publish","hentry"],"acf":[],"_links":{"self":[{"href":"https:\/\/esperitrocadestileria.com\/es\/wp-json\/wp\/v2\/pages\/3247","targetHints":{"allow":["GET"]}}],"collection":[{"href":"https:\/\/esperitrocadestileria.com\/es\/wp-json\/wp\/v2\/pages"}],"about":[{"href":"https:\/\/esperitrocadestileria.com\/es\/wp-json\/wp\/v2\/types\/page"}],"author":[{"embeddable":true,"href":"https:\/\/esperitrocadestileria.com\/es\/wp-json\/wp\/v2\/users\/1"}],"replies":[{"embeddable":true,"href":"https:\/\/esperitrocadestileria.com\/es\/wp-json\/wp\/v2\/comments?post=3247"}],"version-history":[{"count":3,"href":"https:\/\/esperitrocadestileria.com\/es\/wp-json\/wp\/v2\/pages\/3247\/revisions"}],"predecessor-version":[{"id":3270,"href":"https:\/\/esperitrocadestileria.com\/es\/wp-json\/wp\/v2\/pages\/3247\/revisions\/3270"}],"wp:attachment":[{"href":"https:\/\/esperitrocadestileria.com\/es\/wp-json\/wp\/v2\/media?parent=3247"}],"curies":[{"name":"wp","href":"https:\/\/api.w.org\/{rel}","templated":true}]}}