

{"id":2107,"date":"2022-12-13T12:27:10","date_gmt":"2022-12-13T12:27:10","guid":{"rendered":"https:\/\/esperit-roca.com\/avis-legal\/"},"modified":"2024-07-31T13:14:28","modified_gmt":"2024-07-31T13:14:28","slug":"avis-legal","status":"publish","type":"page","link":"https:\/\/esperitrocadestileria.com\/fr\/avis-legal\/","title":{"rendered":"Mention l\u00e9gale"},"content":{"rendered":"<blockquote class=\"wp-block-quote is-layout-flow wp-block-quote-is-layout-flow\"><p>Mise \u00e0 jour :Juillet 24<\/p><\/blockquote><p>Conform\u00e9ment \u00e0 l\u2019obligation d\u2019information contenue \u00e0 l\u2019article 10 de la loi 34\/2002 du 11 juillet sur les services de la soci\u00e9t\u00e9 de l\u2019information et du commerce \u00e9lectronique, nous vous informons que le site Web <a href=\"https:\/\/esperitrocadestileria.com\/\">https:\/\/esperitrocadestileria.com\/<\/a> sont la propri\u00e9t\u00e9 de JOROFON, S.L. (ci-apr\u00e8s ESPERIT ROCA DESTIL.LERIA) avec CIF : B17412834 et dont le si\u00e8ge social est situ\u00e9 dans Can Sunyer, 46 \u2013 17007 Girona (Girona) et l\u2019adresse commerciale est : C\/Major, s\/n, entrada 1 \u2013 17481 \u2013 Sant Juli\u00e0 de Ramis (Girona)<\/p><h2 class=\"wp-block-heading\">Communication<\/h2><p>Tel\u00e9phone: +34 972 222 157<\/p><p>E-mail: <a href=\"mailto:shop@cellercanroca.com\">shop@cellercanroca.com<\/a><\/p><p>Toutes les notifications et communications entre les utilisateurs et le PROPRI\u00c9TAIRE DU SITE WEB sont consid\u00e9r\u00e9es comme ayant \u00e9t\u00e9 faites, \u00e0 toutes fins utiles, lorsqu\u2019elles sont effectu\u00e9es par l\u2019un des moyens d\u00e9crits ci-dessus.<\/p><p>Cette notice l\u00e9gale r\u00e9git les conditions d\u2019utilisation du portail Internet susmentionn\u00e9.<\/p><h2 class=\"wp-block-heading\">Loi applicable et juridiction<\/h2><p>D\u2019une mani\u00e8re g\u00e9n\u00e9rale, les relations entre ESPERIT ROCA DESTIL.LERIA et les utilisateurs de ses services t\u00e9l\u00e9matiques, pr\u00e9sents sur le site web, sont soumises \u00e0 la l\u00e9gislation et \u00e0 la juridiction espagnoles.<\/p><p>Les parties renoncent express\u00e9ment \u00e0 la comp\u00e9tence qui pourrait leur correspondre et se soumettent express\u00e9ment aux Tribunaux de Girona (Girona &#8211; Espagne) pour r\u00e9soudre tout diff\u00e9rend pouvant survenir dans l\u2019interpr\u00e9tation ou l\u2019ex\u00e9cution des pr\u00e9sentes conditions contractuelles.<\/p><h2 class=\"wp-block-heading\">Acceptation par l\u00b4utilisateur<\/h2><p>Le pr\u00e9sent Avis L\u00e9gal r\u00e9glemente l\u2019acc\u00e8s et l\u2019utilisation du site Web que ESPERIT ROCA DESTIL.LERIA met \u00e0 disposition des internautes. Un utilisateur est consid\u00e9r\u00e9 comme la personne qui acc\u00e8de, navigue, utilise ou participe aux services et activit\u00e9s du site.<\/p><p>L\u2019utilisateur est inform\u00e9 et accepte que l\u2019acc\u00e8s \u00e0 ce site web n\u2019implique en aucune mani\u00e8re le d\u00e9but d\u2019une relation commerciale avec ESPERIT ROCA DESTIL.LERIA.<\/p><p>L\u2019acc\u00e8s et la navigation sur le site web par l\u2019utilisateur implique l\u2019acceptation de l\u2019ensemble des pr\u00e9sentes conditions d\u2019utilisation, en cas de d\u00e9saccord avec les conditions, il doit s\u2019abstenir d\u2019utiliser le site.<\/p><h2 class=\"wp-block-heading\">Acc\u00e8s au site web<\/h2><p>L\u2019acc\u00e8s au site Web par les utilisateurs est gratuit et ouvert. Certains services peuvent \u00eatre soumis \u00e0 un contrat pr\u00e9alable du service.<\/p><p>S\u2019il est n\u00e9cessaire pour l\u2019utilisateur de fournir des donn\u00e9es personnelles pour acc\u00e9der \u00e0 l\u2019un des services, la collecte et le traitement des donn\u00e9es seront effectu\u00e9s conform\u00e9ment \u00e0 la r\u00e9glementation en vigueur, en particulier avec le RGPD. Pour plus d\u2019informations, consultez notre politique de confidentialit\u00e9 <a href=\"https:\/\/esperitrocadestileria.com\/politique-de-confidentialite\/\">https:\/\/esperitrocadestileria.com\/politique-de-confidentialite\/<\/a>.<\/p><h2 class=\"wp-block-heading\">Contenu et usage<\/h2><p>La visite du site web par l\u2019utilisateur doit \u00eatre effectu\u00e9e de mani\u00e8re responsable et conform\u00e9ment \u00e0 la l\u00e9gislation en vigueur, de bonne foi, du pr\u00e9sent avis juridique et en respectant les droits de propri\u00e9t\u00e9 intellectuelle et industrielle appartenant \u00e0 ESPERIT ROCA DESTIL.LERIA ou \u00e0 tout autre personnes physiques ou morales.<\/p><p>L\u2019utilisation de tout contenu du site Web \u00e0 des fins qui sont ou pourraient \u00eatre ill\u00e9gales est totalement interdite, ainsi que l\u2019ex\u00e9cution de toute action qui cause ou pourrait causer des dommages ou des modifications de toute nature non consentis par ESPERIT ROCA DESTIL.LERIA, \u00e0 site Web ou son contenu.<\/p><h2 class=\"wp-block-heading\">Propri\u00e9t\u00e9 intellectuelle et industrielle<\/h2><p>Les droits de propri\u00e9t\u00e9 intellectuelle sur le contenu des pages du site Web, leur conception graphique et leurs codes sont la propri\u00e9t\u00e9 de ESPERIT ROCA DESTIL.LERIA et, par cons\u00e9quent, sa reproduction, distribution, communication publique, transformation ou toute autre activit\u00e9 r\u00e9alis\u00e9e avec le contenu du site Web est interdite, m\u00eame si les sources sont cit\u00e9es, sauf si vous avez l\u2019autorisation pr\u00e9alable, expresse et \u00e9crite de ESPERIT ROCA DESTIL.LERIA. Tous les noms commerciaux, marques ou signes diff\u00e9rents de toute nature contenus dans le site Web de la soci\u00e9t\u00e9 sont la propri\u00e9t\u00e9 de leurs propri\u00e9taires et sont prot\u00e9g\u00e9s par la loi.<\/p><p>ESPERIT ROCA DESTIL.LERIA n\u2019accorde aucune licence ou autorisation d\u2019utilisation de quelque nature que ce soit sur ses droits de propri\u00e9t\u00e9 intellectuelle et industrielle ou sur toute autre propri\u00e9t\u00e9 ou droit li\u00e9 au site, et en aucun cas il ne sera entendu que l\u2019acc\u00e8s et la navigation du L\u2019Utilisateur implique une renonciation, une transmission, une licence ou une cession totale ou partielle desdits droits par ESPERIT ROCA DESTIL.LERIA.<\/p><p>Toute utilisation de ces contenus non pr\u00e9alablement autoris\u00e9e par ESPERIT ROCA DESTIL.LERIA sera consid\u00e9r\u00e9e comme une violation grave des droits de propri\u00e9t\u00e9 intellectuelle ou industrielle et donnera lieu aux responsabilit\u00e9s l\u00e9galement \u00e9tablies. ESPERIT ROCA DESTIL.LERIA se r\u00e9serve le droit d\u2019exercer les actions judiciaires et extrajudiciaires correspondantes contre l\u2019utilisateur.<\/p><h2 class=\"wp-block-heading\">Responsabilit\u00e9 et garanties<\/h2><p>ESPERIT ROCA DESTIL.LERIA d\u00e9clare avoir adopt\u00e9 les mesures n\u00e9cessaires qui, dans la limite de ses possibilit\u00e9s et de l\u2019\u00e9tat de la technologie, permettent le bon fonctionnement de son site Web, ainsi que l\u2019absence de virus et de composants nuisibles. Cependant, ESPERIT ROCA DESTIL.LERIA ne peut \u00eatre tenu responsable des situations suivantes qui sont \u00e9num\u00e9r\u00e9es \u00e0 titre d\u2019exemple, mais sans s\u2019y limiter:<\/p><ul class=\"wp-block-list\"><li>La continuit\u00e9 et la disponibilit\u00e9 du Contenu.<\/li>\n\n<li>L\u2019absence d\u2019erreurs dans lesdits Contenus ni la correction de tout d\u00e9faut pouvant survenir.<\/li>\n\n<li>L\u2019absence de virus et\/ou d\u2019autres composants nocifs.<\/li>\n\n<li>Les dommages caus\u00e9s par toute personne qui enfreint les syst\u00e8mes de s\u00e9curit\u00e9 d\u2019ESPERIT ROCA DESTIL.LERIA.<\/li>\n\n<li>L\u2019utilisation que les utilisateurs peuvent faire du contenu inclus dans le site Web. Par cons\u00e9quent, ESPERIT ROCA DESTIL.LERIA ne garantit pas que l\u2019utilisation que les utilisateurs peuvent faire des contenus inclus sur le site Web, le cas \u00e9ch\u00e9ant, soit conforme \u00e0 la pr\u00e9sente notice l\u00e9gale, ni que l\u2019utilisation du site Web est effectu\u00e9e d\u2019une mani\u00e8re diligent.<\/li>\n\n<li>L\u2019utilisation par des mineurs du site Web ou l\u2019envoi de leurs donn\u00e9es personnelles sans l\u2019autorisation de leurs tuteurs, les tuteurs \u00e9tant responsables de leur utilisation d\u2019Internet. Les contenus auxquels l\u2019utilisateur peut acc\u00e9der via des liens non autoris\u00e9s ou saisis par les utilisateurs via des commentaires ou des outils similaires.<\/li>\n\n<li>L\u2019introduction de donn\u00e9es erron\u00e9es par l\u2019utilisateur ou un tiers.<\/li><\/ul><p>ESPERIT ROCA DESTIL.LERIA peut suspendre temporairement l\u2019acc\u00e8s au site Web sans pr\u00e9avis pour des op\u00e9rations de maintenance, r\u00e9paration, mise \u00e0 jour ou am\u00e9lioration. Cependant, chaque fois que les circonstances le permettront, ESPERIT ROCA DESTIL.LERIA informera l\u2019utilisateur, suffisamment \u00e0 l\u2019avance, de la date pr\u00e9vue pour la suspension du contenu.<\/p><p>En outre, conform\u00e9ment aux art. 11 et 16 de la loi 34\/2002 du 11 juillet sur les services de la soci\u00e9t\u00e9 de l\u2019information et le commerce \u00e9lectronique (LSSICE), ESPERIT ROCA DESTIL.LERIA s\u2019engage \u00e0 \u00e9liminer ou, le cas \u00e9ch\u00e9ant, bloquer les contenu qui pourrait affecter ou \u00eatre contraire \u00e0 la l\u00e9gislation en vigueur, aux droits de tiers ou \u00e0 la moralit\u00e9 et \u00e0 l\u2019ordre public.<\/p><h2 class=\"wp-block-heading\">Cookies<\/h2><p>ESPERIT ROCA DESTIL.LERIA utilise des cookies, afin d\u2019optimiser et de personnaliser votre navigation sur le site. Les cookies sont des fichiers physiques d\u2019informations qui sont h\u00e9berg\u00e9s dans le propre terminal de l\u2019utilisateur, les informations collect\u00e9es via les cookies servent \u00e0 faciliter la navigation de l\u2019utilisateur \u00e0 travers le portail et \u00e0 optimiser l\u2019exp\u00e9rience de navigation. Les donn\u00e9es collect\u00e9es via les cookies peuvent \u00eatre partag\u00e9es avec leurs cr\u00e9ateurs, mais en aucun cas les informations obtenues par eux ne seront associ\u00e9es \u00e0 des donn\u00e9es personnelles ou \u00e0 des donn\u00e9es permettant d\u2019identifier l\u2019utilisateur.<br>Cependant, si l\u2019utilisateur ne souhaite pas que des cookies soient install\u00e9s sur son disque dur, il a la possibilit\u00e9 de configurer le navigateur de mani\u00e8re \u00e0 emp\u00eacher l\u2019installation de ces fichiers. Pour plus d\u2019informations, consultez notre politique de cookies.<\/p><h2 class=\"wp-block-heading\">Liens (links)<\/h2><p>La pr\u00e9sence de liens sur le site ESPERIT ROCA DESTIL.LERIA vers d\u2019autres sites Internet est \u00e0 titre informatif uniquement et n\u2019implique en aucun cas une suggestion, une invitation ou une recommandation \u00e0 leur sujet. ESPERIT ROCA DESTIL.LERIA n\u2019assumera pas la responsabilit\u00e9 du contenu d\u2019un lien appartenant \u00e0 un site Web tiers, ni ne garantira la fiabilit\u00e9, l\u2019exactitude, l\u2019\u00e9tendue, la v\u00e9racit\u00e9, la validit\u00e9 et la disponibilit\u00e9 technique.<\/p><p>Dans le cas o\u00f9 d\u2019autres sites Web \u00e9tablissent des liens vers le site Web de ESPERIT ROCA DESTIL.LERIA, il ne sera pas entendu que ESPERIT ROCA DESTIL.LERIA a autoris\u00e9 le lien ou le contenu du site Web dans lequel le lien est contenu, Un contenu inappropri\u00e9, diffamatoire, ill\u00e9gal, obsc\u00e8ne ou illicite ne peut pas non plus \u00eatre inclus sur la page li\u00e9e, ou tout autre contenu contraire \u00e0 la l\u00e9gislation en vigueur.<\/p><p>ESPERIT ROCA DESTIL.LERIA se r\u00e9serve le droit de contacter le propri\u00e9taire du site Internet o\u00f9 le lien est \u00e9tabli s\u2019il estime que la r\u00e9glementation est enfreinte, ainsi que d\u2019exercer les actions judiciaires et extrajudiciaires correspondantes.<\/p><h2 class=\"wp-block-heading\">Modification des conditions<\/h2><p>ESPERIT ROCA DESTIL.LERIA se r\u00e9serve express\u00e9ment le droit de modifier unilat\u00e9ralement, totalement ou partiellement, sans pr\u00e9avis, les pr\u00e9sentes mentions l\u00e9gales. L\u2019utilisateur reconna\u00eet et accepte qu\u2019il est de sa responsabilit\u00e9 de revoir p\u00e9riodiquement cet avis juridique.<\/p><h2 class=\"wp-block-heading\">Langue<\/h2><p>Au niveau informatif et contractuel, la langue de communication choisie, le espagnol, catalan, angles et fran\u00e7ais.<\/p><p>Cette traduction en fran\u00e7ais n&rsquo;est d\u00e9livr\u00e9e que pour des raisons commerciale et de commodit\u00e9 dans le respect du droit \u00e0 l&rsquo;information selon l&rsquo;article 13 du r\u00e8glement UE 2016\/679, du 27 avril 2016 (RGPD) et l&rsquo;article 11 de la loi organique 3\/2018, du 5 D\u00e9cembre 2018 (LOPDGDD). En cas de divergence ou d&rsquo;incompatibilit\u00e9 entre les versions fran\u00e7aise et espagnole de cette mention l\u00e9gale, pr\u00e9vaudra la version espagnole.<\/p>","protected":false},"excerpt":{"rendered":"<p>Mise \u00e0 jour :Juillet 24 Conform\u00e9ment \u00e0 l\u2019obligation d\u2019information contenue \u00e0 l\u2019article 10 de la loi 34\/2002 du 11 juillet sur les services de la soci\u00e9t\u00e9 de l\u2019information et du commerce \u00e9lectronique, nous vous informons que le site Web https:\/\/esperitrocadestileria.com\/ sont la propri\u00e9t\u00e9 de JOROFON, S.L. (ci-apr\u00e8s ESPERIT ROCA DESTIL.LERIA) avec CIF : B17412834 et [&hellip;]<\/p>\n","protected":false},"author":1,"featured_media":0,"parent":0,"menu_order":0,"comment_status":"closed","ping_status":"closed","template":"page-templates\/legal.php","meta":{"_acf_changed":false,"inline_featured_image":false,"footnotes":""},"class_list":["post-2107","page","type-page","status-publish","hentry"],"acf":[],"_links":{"self":[{"href":"https:\/\/esperitrocadestileria.com\/fr\/wp-json\/wp\/v2\/pages\/2107","targetHints":{"allow":["GET"]}}],"collection":[{"href":"https:\/\/esperitrocadestileria.com\/fr\/wp-json\/wp\/v2\/pages"}],"about":[{"href":"https:\/\/esperitrocadestileria.com\/fr\/wp-json\/wp\/v2\/types\/page"}],"author":[{"embeddable":true,"href":"https:\/\/esperitrocadestileria.com\/fr\/wp-json\/wp\/v2\/users\/1"}],"replies":[{"embeddable":true,"href":"https:\/\/esperitrocadestileria.com\/fr\/wp-json\/wp\/v2\/comments?post=2107"}],"version-history":[{"count":2,"href":"https:\/\/esperitrocadestileria.com\/fr\/wp-json\/wp\/v2\/pages\/2107\/revisions"}],"predecessor-version":[{"id":3349,"href":"https:\/\/esperitrocadestileria.com\/fr\/wp-json\/wp\/v2\/pages\/2107\/revisions\/3349"}],"wp:attachment":[{"href":"https:\/\/esperitrocadestileria.com\/fr\/wp-json\/wp\/v2\/media?parent=2107"}],"curies":[{"name":"wp","href":"https:\/\/api.w.org\/{rel}","templated":true}]}}