

{"id":2120,"date":"2022-12-13T12:29:15","date_gmt":"2022-12-13T12:29:15","guid":{"rendered":"https:\/\/esperit-roca.com\/politica-de-cookies\/"},"modified":"2024-08-02T06:23:29","modified_gmt":"2024-08-02T06:23:29","slug":"politica-de-cookies","status":"publish","type":"page","link":"https:\/\/esperitrocadestileria.com\/fr\/politica-de-cookies\/","title":{"rendered":"Politique de cookies"},"content":{"rendered":"<blockquote class=\"wp-block-quote is-layout-flow wp-block-quote-is-layout-flow\"><p>Mise \u00e0 jour: Juillet 24<\/p><\/blockquote><p>Le site <a href=\"https:\/\/esperitrocadestileria.com\/\">https:\/\/esperitrocadestileria.com\/<\/a> est sous la responsabilit\u00e9 de JOROFON, S.L. (ci-apr\u00e8s ESPERIT ROCA DESTIL.LERIA), avec CIF B17412834 et si\u00e8ge social \u00e0 Can Sunyer, 46 \u2013 17007 \u2013 Girona (Girona-Espagne), l\u2019adresse commerciale est : C\/Major, s\/n, entrada 1 \u2013 17481 \u2013 Sant Juli\u00e0 de Ramis (Girona) et adresse e-mail <a href=\"mailto:destileria@esperitroca.com\">destileria@esperitroca.com<\/a>.<\/p><p>En cons\u00e9quence, l&rsquo;utilisation de cookies applique cette \u00abPolitique d&rsquo;utilisation des cookies\u00bb qui a \u00e9t\u00e9 pr\u00e9par\u00e9e afin que l&rsquo;utilisateur soit inform\u00e9 des diff\u00e9rentes utilisations qui sont effectu\u00e9es sur ces appareils et puisse consentir \u00e0 leur traitement de mani\u00e8re inform\u00e9e, conform\u00e9ment aux dispositions de la l\u00e9gislation en vigueur.<\/p><h2 class=\"wp-block-heading\">Qu&rsquo;est-ce qu&rsquo;un cookie et \u00e0 quoi sert-il?<\/h2><p>En g\u00e9n\u00e9ral, nous vous informons qu&rsquo;un cookie est un fichier qui est t\u00e9l\u00e9charg\u00e9 sur votre ordinateur lorsque l&rsquo;utilisateur acc\u00e8de \u00e0 certaines pages Web. Les cookies permettent, entre autres, \u00e0 une page Web de stocker et de r\u00e9cup\u00e9rer des informations sur les habitudes de navigation d&rsquo;un utilisateur ou de son \u00e9quipement et, en fonction des informations qu&rsquo;ils contiennent et de la mani\u00e8re dont ils utilisent leur \u00e9quipement, ils peuvent \u00eatre utilis\u00e9s pour reconna\u00eetre l&rsquo;utilisateur.<\/p><h2 class=\"wp-block-heading\">Quels types de cookies sont couramment utilis\u00e9s?<\/h2><p>Ensuite, nous pr\u00e9sentons une classification des cookies couramment utilis\u00e9s selon diff\u00e9rents types en fonction du responsable, de la dur\u00e9e de leur s\u00e9jour et de la finalit\u00e9 de leur utilisation:<\/p><ol class=\"wp-block-list\"><li>Type de cookies en fonction de l&rsquo;entit\u00e9 qui les g\u00e8re:<ol class=\"wp-block-list\"><li>Cookies propres: ce sont ceux qui sont envoy\u00e9s \u00e0 l&rsquo;\u00e9quipement terminal de l&rsquo;utilisateur \u00e0 partir d&rsquo;un ordinateur ou d&rsquo;un domaine g\u00e9r\u00e9 par l&rsquo;\u00e9diteur lui-m\u00eame et \u00e0 partir duquel le service demand\u00e9 par l&rsquo;utilisateur est fourni.<\/li>\n\n<li>Les cookies tiers: ce sont ceux qui sont envoy\u00e9s \u00e0 l&rsquo;\u00e9quipement terminal de l&rsquo;utilisateur \u00e0 partir d&rsquo;un ordinateur ou d&rsquo;un domaine qui n&rsquo;est pas g\u00e9r\u00e9 par l&rsquo;\u00e9diteur du site, mais par une autre entit\u00e9 qui traite les donn\u00e9es obtenues gr\u00e2ce aux cookies.<\/li><\/ol><\/li>\n\n<li>Type de cookies en fonction de la dur\u00e9e pendant laquelle ils restent activ\u00e9s:<ol class=\"wp-block-list\"><li>Cookies de session: il s&rsquo;agit d&rsquo;un type de cookies con\u00e7us pour demander et stocker des donn\u00e9es pendant que l&rsquo;utilisateur acc\u00e8de \u00e0 une page Web. Ils sont g\u00e9n\u00e9ralement utilis\u00e9s pour stocker des informations qui ne sont int\u00e9ress\u00e9es \u00e0 conserver que pour la fourniture du service demand\u00e9 par l&rsquo;utilisateur en une seule fois (par exemple, une liste de produits achet\u00e9s).<\/li>\n\n<li>Cookies persistants: Il s&rsquo;agit d&rsquo;un type de cookies dans lequel les donn\u00e9es sont toujours stock\u00e9es dans le terminal et peuvent \u00eatre consult\u00e9es et trait\u00e9es pendant une p\u00e9riode d\u00e9finie par l&rsquo;\u00e9diteur de cookies, qui peut aller de quelques minutes \u00e0 plusieurs ann\u00e9es.<\/li><\/ol><\/li>\n\n<li>Type de cookies en fonction de leur finalit\u00e9:<ol class=\"wp-block-list\"><li>Cookies techniques et fonctionnels: ce sont ceux qui permettent \u00e0 l&rsquo;utilisateur de naviguer dans une page Web, une plateforme ou une application et d&rsquo;utiliser les diff\u00e9rentes options ou services qui y existent, tels que, par exemple, contr\u00f4ler le trafic et la communication de donn\u00e9es, identifier la session, acc\u00e9der aux parties d&rsquo;acc\u00e8s restreint, m\u00e9moriser les \u00e9l\u00e9ments qui composent une commande, effectuer le processus d&rsquo;achat d&rsquo;une commande, faire une demande d&rsquo;inscription ou de participation \u00e0 un \u00e9v\u00e9nement, utiliser des \u00e9l\u00e9ments de s\u00e9curit\u00e9 lors de la navigation, stocker du contenu pour diffuser des vid\u00e9os ou du son ou partager contenu via les r\u00e9seaux sociaux.<\/li>\n\n<li>Cookies de pr\u00e9f\u00e9rence ou de personnalisation: ce sont ceux qui permettent \u00e0 l&rsquo;utilisateur d&rsquo;acc\u00e9der au service avec certaines caract\u00e9ristiques g\u00e9n\u00e9rales pr\u00e9d\u00e9finies en fonction d&rsquo;une s\u00e9rie de crit\u00e8res dans le terminal de l&rsquo;utilisateur tels que la langue, le type de navigateur par lequel il acc\u00e8de au service, les param\u00e8tres r\u00e9gionaux. d&rsquo;o\u00f9 l&rsquo;acc\u00e8s au service, etc.<\/li>\n\n<li>Cookies d&rsquo;analyse, de mesure ou de performance: ce sont ceux qui permettent \u00e0 leur \u00e9diteur de suivre et d&rsquo;analyser le comportement des utilisateurs des sites Internet auxquels ils sont li\u00e9s. Les informations collect\u00e9es via ce type de cookie sont utilis\u00e9es pour mesurer l&rsquo;activit\u00e9 des sites Web, de l&rsquo;application ou de la plate-forme et pour cr\u00e9er des profils de navigation des utilisateurs de ces sites, applications et plates-formes, afin d&rsquo;introduire des am\u00e9liorations en fonction de l&rsquo;analyse de l&rsquo;utilisation donn\u00e9es r\u00e9alis\u00e9es par les utilisateurs du service.<\/li>\n\n<li>Cookies publicitaires: ce sont ceux qui permettent de g\u00e9rer, de la mani\u00e8re la plus efficace possible, les espaces publicitaires que, le cas \u00e9ch\u00e9ant, l&rsquo;\u00c9diteur a inclus dans une page Web, une application ou une plateforme \u00e0 partir de laquelle le service demand\u00e9 est fourni en fonction de crit\u00e8res tels que contenu modifi\u00e9 ou \u00e0 quelle fr\u00e9quence les annonces sont diffus\u00e9es.<\/li>\n\n<li>Cookies de publicit\u00e9 comportementale: ce sont ceux qui stockent des informations sur le comportement des utilisateurs obtenues gr\u00e2ce \u00e0 l&rsquo;observation continue de leurs habitudes de navigation, ce qui permet le d\u00e9veloppement d&rsquo;un profil sp\u00e9cifique pour afficher des publicit\u00e9s bas\u00e9es sur lui-m\u00eame, sur la base d&rsquo;une d\u00e9cision automatis\u00e9e.<\/li><\/ol><\/li><\/ol><h2 class=\"wp-block-heading\">Mon consentement est-il n\u00e9cessaire pour d\u00e9finir un cookie?<\/h2><p>Le consentement n&rsquo;est pas n\u00e9cessaire pour l&rsquo;installation de cookies techniques ou de ceux qui sont strictement n\u00e9cessaires \u00e0 la fourniture d&rsquo;un service de la soci\u00e9t\u00e9 de l&rsquo;information express\u00e9ment demand\u00e9 par le destinataire.<\/p><p>Pour le reste, si le consentement de l&rsquo;int\u00e9ress\u00e9 est n\u00e9cessaire, il peut \u00eatre demand\u00e9 de diff\u00e9rentes mani\u00e8res. Il sera consid\u00e9r\u00e9 comme acquis si vous avez donn\u00e9 votre consentement en s\u00e9lectionnant l&rsquo;option correspondante dans votre navigateur en acc\u00e9dant aux options de configuration de la confidentialit\u00e9 et en s\u00e9lectionnant l&rsquo;option qui vous permet de d\u00e9sactiver l&rsquo;acceptation automatique des cookies, sans pr\u00e9judice du fait qu&rsquo;\u00e0 tout moment vous pouvez r\u00e9voquer et d\u00e9sactiver les cookies.<\/p><h2 class=\"wp-block-heading\">Quels types de cookies ce site utilise-t-il?<\/h2><p>Le site Web ESPERIT ROCA DESTIL.LERIA utilise Google Analytics, un outil d&rsquo;analyse Web d\u00e9velopp\u00e9 par Google, qui aide les propri\u00e9taires de sites Web \u00e0 mesurer la mani\u00e8re dont les utilisateurs interagissent avec le contenu du site. Pour la fourniture de ces services, Google Analytics utilise des cookies qui collectent des informations, y compris l&rsquo;adresse IP de l&rsquo;utilisateur qui seront transmises, trait\u00e9es et stock\u00e9es par Google dans les conditions d\u00e9finies sur le site Google.com.<\/p><p>Plus d&rsquo;informations sur: <a href=\"https:\/\/developers.google.com\/analytics\/devguides\/collection\/analyticsjs\/cookie-usage\">https:\/\/developers.google.com\/analytics\/devguides\/collection\/analyticsjs\/cookie-usage<\/a> (1)<\/p><p>Le site Web utilise des cookies de Google: Nous utilisons diff\u00e9rents types de cookies pour le fonctionnement des sites Web et des produits publicitaires de Google. Une partie ou la totalit\u00e9 des cookies d\u00e9crits peuvent \u00eatre stock\u00e9s dans votre navigateur. Vous pouvez afficher et g\u00e9rer les cookies dans votre navigateur (bien que les navigateurs pour appareils mobiles ne proposent pas cette option). Par exemple, si vous utilisez Google Chrome comme navigateur, vous pouvez acc\u00e9der \u00e0 chrome:\/\/param\u00e8tres\/cookies.<\/p><p>Plus d&rsquo;informations sur: <a href=\"https:\/\/policies.google.com\/technologies\/cookies?hl=es\">https:\/\/policies.google.com\/technologies\/cookies?hl=es<\/a><\/p><p>Le site Web utilise des cookies Facebook: Nous pouvons placer des cookies sur votre ordinateur ou appareil et recevoir les informations qu&rsquo;ils ont stock\u00e9es lorsque vous utilisez ou visitez: Produits Facebook et \/ ou Produits fournis par d&rsquo;autres membres de soci\u00e9t\u00e9s Facebook.<\/p><p>Les sites Web et applications d&rsquo;autres entreprises qui utilisent les produits Facebook (par exemple, les entreprises qui int\u00e8grent les technologies Facebook dans leurs sites Web ou applications). Facebook utilise des cookies et re\u00e7oit des informations lorsque vous visitez ces sites et applications, y compris des donn\u00e9es sur vos appareils et votre activit\u00e9, sans que vous n&rsquo;ayez \u00e0 prendre aucune mesure suppl\u00e9mentaire. Ce processus est effectu\u00e9 que vous ayez ou non un compte Facebook ou que vous vous soyez connect\u00e9.<\/p><p>Les domaine Web <a href=\"https:\/\/esperitrocadestileria.com\/\">https:\/\/esperitrocadestileria.com\/<\/a> utilise les types de cookies suivants:<\/p><figure class=\"wp-block-table\"><table class=\"has-fixed-layout\"><tbody><tr><td>Propi\u00e9t\u00e9<\/td><td>Nom<\/td><td>Finalit\u00e9<\/td><td>Expire<\/td><\/tr><tr><td><a href=\"https:\/\/esperitrocadestileria.com\/\">https:\/\/esperitrocadestileria.com\/<\/a><\/td><td>__Secure-1PAPISID<\/td><td>Cookie n\u00e9cessaire \u00e0 l&rsquo;utilisation des options et services du site Internet<\/td><td>1 ann\u00e9e<\/td><\/tr><tr><td><a href=\"https:\/\/esperitrocadestileria.com\/\">https:\/\/esperitrocadestileria.com\/<\/a><\/td><td>__Secure-1PSID<\/td><td>Cookie n\u00e9cessaire \u00e0 l&rsquo;utilisation des options et services du site Internet .<\/td><td>1 ann\u00e9e<\/td><\/tr><tr><td><a href=\"https:\/\/esperitrocadestileria.com\/\">https:\/\/esperitrocadestileria.com\/<\/a><\/td><td>__Secure-3PAPISID<\/td><td>Ces cookies sont utilis\u00e9s pour diffuser des publicit\u00e9s plus pertinentes pour l&rsquo;utilisateur et ses int\u00e9r\u00eats.<\/td><td>2 ans<\/td><\/tr><tr><td><a href=\"https:\/\/esperitrocadestileria.com\/\">https:\/\/esperitrocadestileria.com\/<\/a><\/td><td>__Secure-3PSID<\/td><td>Ces cookies sont utilis\u00e9s pour diffuser des publicit\u00e9s plus pertinentes pour l&rsquo;utilisateur et ses int\u00e9r\u00eats.<\/td><td>13 mois<\/td><\/tr><tr><td><a href=\"https:\/\/esperitrocadestileria.com\/\">https:\/\/esperitrocadestileria.com\/<\/a><\/td><td>_ga<\/td><td>Activez la fonctionnalit\u00e9 unique de contr\u00f4le des visites<\/td><td>2 ans<\/td><\/tr><tr><td><a href=\"https:\/\/esperitrocadestileria.com\/\">https:\/\/esperitrocadestileria.com\/<\/a><\/td><td>APISID<\/td><td>Cookie qui stocke les pr\u00e9f\u00e9rences de l&rsquo;utilisateur dans Google.<\/td><td>2 ans<\/td><\/tr><tr><td><a href=\"https:\/\/esperitrocadestileria.com\/\">https:\/\/esperitrocadestileria.com\/<\/a><\/td><td>cookies_accept<\/td><td>Il est utilis\u00e9 pour stocker le consentement de l&rsquo;utilisateur.<\/td><td>2 ans<\/td><\/tr><tr><td><a href=\"https:\/\/esperitrocadestileria.com\/\">https:\/\/esperitrocadestileria.com\/<\/a><\/td><td>HSID<\/td><td>Cookie utilis\u00e9 pour stocker les pr\u00e9f\u00e9rences de l&rsquo;utilisateur dans Google.<\/td><td>La session<\/td><\/tr><tr><td><a href=\"https:\/\/esperitrocadestileria.com\/\">https:\/\/esperitrocadestileria.com\/<\/a><\/td><td>NID<\/td><td>Utilis\u00e9 pour diffuser des annonces Google sur les services Google aupr\u00e8s des utilisateurs qui ne sont pas connect\u00e9s.<\/td><td>6 mois<\/td><\/tr><tr><td><a href=\"https:\/\/esperitrocadestileria.com\/\">https:\/\/esperitrocadestileria.com\/<\/a><\/td><td>SAPISID<\/td><td>Ce cookie stocke les pr\u00e9f\u00e9rences de l&rsquo;utilisateur dans Google.<\/td><td>La session<\/td><\/tr><tr><td><a href=\"https:\/\/esperitrocadestileria.com\/\">https:\/\/esperitrocadestileria.com\/<\/a><\/td><td>sbjs_current sbjs_current_add<br>sbjs_first<br>sbjs_first_add<br>sbjs_migrations<br>sbjs_session<br>sbjs_udata<\/td><td>Ces cookies servent \u00e0 identifier une visite et \u00e0 stocker des informations sur les actions de l&rsquo;utilisateur \u00e0 cet \u00e9gard dans un cookie. Il s&rsquo;agit d&rsquo;un cookie analytique et comportemental utilis\u00e9 pour am\u00e9liorer l&rsquo;exp\u00e9rience des visiteurs du site Web.<\/td><td>La session<\/td><\/tr><tr><td><a href=\"https:\/\/esperitrocadestileria.com\/\">https:\/\/esperitrocadestileria.com\/<\/a><\/td><td>SID<\/td><td>Ce cookie sert \u00e0 fournir des publicit\u00e9s ou \u00e0 pr\u00e9venir la fraude<\/td><td>2 ans<\/td><\/tr><tr><td><a href=\"https:\/\/esperitrocadestileria.com\/\">https:\/\/esperitrocadestileria.com\/<\/a><\/td><td>SSID<\/td><td>Cookie qui stocke des informations, des identifiants et des pr\u00e9f\u00e9rences de Google.<\/td><td>2 ans<\/td><\/tr><tr><td><a href=\"https:\/\/esperitrocadestileria.com\/\">https:\/\/esperitrocadestileria.com\/<\/a><\/td><td>wp-wpml_current_language<\/td><td>Stocke la langue actuelle. Ce cookie est d\u00e9fini uniquement pour les utilisateurs enregistr\u00e9s.<\/td><td>1 jour<\/td><\/tr><\/tbody><\/table><\/figure><h2 class=\"wp-block-heading\">Comment d\u00e9sactiver les cookies?<\/h2><p>Vous pouvez autoriser, bloquer ou supprimer les cookies install\u00e9s sur votre ordinateur en configurant les options du navigateur sur votre ordinateur.<\/p><ul class=\"wp-block-list\"><li>Firefox: <a href=\"https:\/\/support.mozilla.org\/es\/kb\/habilitar-y-deshabilitar-cookies-sitios-web-rastrear-preferencia\">https:\/\/support.mozilla.org\/es\/kb\/habilitar-y-deshabilitar-cookies-sitios-web-rastrear-preferencia<\/a><\/li>\n\n<li>Chrome: <a href=\"https:\/\/support.google.com\/chrome\/answer\/95647?hl=es\">https:\/\/support.google.com\/chrome\/answer\/95647?hl=es<\/a><\/li>\n\n<li>Internet Explorer: <a href=\"https:\/\/support.microsoft.com\/es-es\/topic\/eliminar-y-administrar-cookies-168dab11-0753-043d-7c16-ede5947fc64d#ie=ie-10\">https:\/\/support.microsoft.com\/es-es\/topic\/eliminar-y-administrar-cookies-168dab11-0753-043d-7c16-ede5947fc64d#ie=ie-10<\/a><\/li>\n\n<li>Microsoft Edge: <a href=\"https:\/\/support.microsoft.com\/es-es\/microsoft-edge\/eliminar-las-cookies-en-microsoft-edge-63947406-40ac-c3b8-57b9-2a946a29ae09\">https:\/\/support.microsoft.com\/es-es\/microsoft-edge\/eliminar-las-cookies-en-microsoft-edge-63947406-40ac-c3b8-57b9-2a946a29ae09<\/a><\/li>\n\n<li>Safari: <a href=\"https:\/\/support.apple.com\/ca-es\/guide\/safari\/sfri11471\/mac\">https:\/\/support.apple.com\/ca-es\/guide\/safari\/sfri11471\/mac<\/a><\/li>\n\n<li>Opera: <a href=\"https:\/\/help.opera.com\/en\/latest\/web-preferences\/#cookies\">https:\/\/help.opera.com\/en\/latest\/web-preferences\/#cookies<\/a><\/li>\n\n<li>Autres navigateurs: consultez la documentation du navigateur que vous avez install\u00e9.<\/li><\/ul><h2 class=\"wp-block-heading\">Exercice des droits<\/h2><p>Vous pouvez conna\u00eetre et exercer vos droits en mati\u00e8re de protection des donn\u00e9es en acc\u00e9dant \u00e0 notre politique de confidentialit\u00e9 du site web <a href=\"https:\/\/esperitrocadestileria.com\/politique-de-confidencialite\/\">https:\/\/esperitrocadestileria.com\/politique-de-confidencialite\/<\/a><\/p><h2 class=\"wp-block-heading\">Information compl\u00e9mentaire<\/h2><p>Vous pouvez consulter plus d&rsquo;informations dans le guide d&rsquo;utilisation des cookies \u00e9dit\u00e9 par l&rsquo;AGPD \u00e0 l&rsquo;adresse: https:\/\/www.aepd.es\/sites\/default\/files\/2020-07\/guia-cookies.pdf<\/p><h2 class=\"wp-block-heading\">Langue<\/h2><p>Au niveau informatif et contractuel, la langue de communication choisie, le espagnol, catalan, angles et fran\u00e7ais.<br>Cette traduction en fran\u00e7ais n&rsquo;est d\u00e9livr\u00e9e que pour des raisons commerciale et de commodit\u00e9 dans le respect du droit \u00e0 l&rsquo;information selon l&rsquo;article 13 du r\u00e8glement UE 2016\/679, du 27 avril 2016 (RGPD) et l&rsquo;article 11 de la loi organique 3\/2018, du 5 D\u00e9cembre 2018 (LOPDGDD). En cas de divergence ou d&rsquo;incompatibilit\u00e9 entre les versions fran\u00e7aise et espagnole de cette mention l\u00e9gale, pr\u00e9vaudra la version espagnole.<\/p>","protected":false},"excerpt":{"rendered":"<p>Mise \u00e0 jour: Juillet 24 Le site https:\/\/esperitrocadestileria.com\/ est sous la responsabilit\u00e9 de JOROFON, S.L. (ci-apr\u00e8s ESPERIT ROCA DESTIL.LERIA), avec CIF B17412834 et si\u00e8ge social \u00e0 Can Sunyer, 46 \u2013 17007 \u2013 Girona (Girona-Espagne), l\u2019adresse commerciale est : C\/Major, s\/n, entrada 1 \u2013 17481 \u2013 Sant Juli\u00e0 de Ramis (Girona) et adresse e-mail destileria@esperitroca.com. En [&hellip;]<\/p>\n","protected":false},"author":1,"featured_media":0,"parent":0,"menu_order":0,"comment_status":"closed","ping_status":"closed","template":"page-templates\/legal.php","meta":{"_acf_changed":false,"inline_featured_image":false,"footnotes":""},"class_list":["post-2120","page","type-page","status-publish","hentry"],"acf":[],"_links":{"self":[{"href":"https:\/\/esperitrocadestileria.com\/fr\/wp-json\/wp\/v2\/pages\/2120","targetHints":{"allow":["GET"]}}],"collection":[{"href":"https:\/\/esperitrocadestileria.com\/fr\/wp-json\/wp\/v2\/pages"}],"about":[{"href":"https:\/\/esperitrocadestileria.com\/fr\/wp-json\/wp\/v2\/types\/page"}],"author":[{"embeddable":true,"href":"https:\/\/esperitrocadestileria.com\/fr\/wp-json\/wp\/v2\/users\/1"}],"replies":[{"embeddable":true,"href":"https:\/\/esperitrocadestileria.com\/fr\/wp-json\/wp\/v2\/comments?post=2120"}],"version-history":[{"count":3,"href":"https:\/\/esperitrocadestileria.com\/fr\/wp-json\/wp\/v2\/pages\/2120\/revisions"}],"predecessor-version":[{"id":3363,"href":"https:\/\/esperitrocadestileria.com\/fr\/wp-json\/wp\/v2\/pages\/2120\/revisions\/3363"}],"wp:attachment":[{"href":"https:\/\/esperitrocadestileria.com\/fr\/wp-json\/wp\/v2\/media?parent=2120"}],"curies":[{"name":"wp","href":"https:\/\/api.w.org\/{rel}","templated":true}]}}