

{"id":2137,"date":"2022-12-13T12:29:39","date_gmt":"2022-12-13T12:29:39","guid":{"rendered":"https:\/\/esperit-roca.com\/politica-de-privacitat\/"},"modified":"2024-07-31T14:15:23","modified_gmt":"2024-07-31T14:15:23","slug":"politica-de-privacitat","status":"publish","type":"page","link":"https:\/\/esperitrocadestileria.com\/fr\/politica-de-privacitat\/","title":{"rendered":"Politique de confidentialit\u00e9"},"content":{"rendered":"<blockquote class=\"wp-block-quote is-layout-flow wp-block-quote-is-layout-flow\"><p>Mise \u00e0 jour: Juillet 2024<\/p><\/blockquote><h2 class=\"wp-block-heading\">Information de base sur la protection de donn\u00e9es<\/h2><figure class=\"wp-block-table\"><table><tbody><tr><td>&nbsp;Responsable<\/td><td>JOROFON, S.L. (a partir de maintenant ESPERIT ROCA DESTIL.LERIA)<\/td><\/tr><tr><td>Finalit\u00e9<\/td><td>Prestataire de service en ligne<br>Gestion des utilisateurs Web<br>G\u00e9rer les r\u00e9servations des restaurants.<br>Communications commerciales li\u00e9es \u00e0 nos services.<br>G\u00e9rer les donn\u00e9es fournies par les candidats dans les processus<br>de s\u00e9lection des Personnel.<\/td><\/tr><tr><td>L\u00e9gitimation<\/td><td>Consentement de l\u2019int\u00e9ress\u00e9, ex\u00e9cution du contrat, int\u00e9r\u00eat l\u00e9gitime<br>et obligation l\u00e9gale.<\/td><\/tr><tr><td>Destinataires<\/td><td>Aucune donn\u00e9e ne sera c\u00e9d\u00e9e \u00e0 des tiers, sauf :<ul><li>aux soci\u00e9t\u00e9s du m\u00eame groupe d\u2019entreprises.<\/li><li>aux entreprises sp\u00e9cialis\u00e9es dans la s\u00e9lection du personnel et<\/li><li>l\u2019analyse des profils des candidats \u00e0 un poste.<\/li><li>par obligation l\u00e9gale.<\/li><\/ul><\/td><\/tr><tr><td>Droits<\/td><td>Acc\u00e9der, rectifier et supprimer les donn\u00e9es ainsi que Autres droits,<br>comme expliqu\u00e9 dans les informations compl\u00e9mentaires.<\/td><\/tr><tr><td>Informations compl\u00e9mentaires<\/td><td>Vous pouvez consulter les informations suppl\u00e9mentaires et d\u00e9taill\u00e9es sur<br>la protection des donn\u00e9es dans les clauses ci-jointes disponibles sur:<br><a href=\"https:\/\/esperitrocadestileria.com\/fr\/politique-de-privacite\/\">https:\/\/esperitrocadestileria.com\/fr\/politique-de-privacite\/<\/a><\/td><\/tr><\/tbody><\/table><\/figure><p>JOROFON, S.L. (ci-apr\u00e8s ESPERIT ROCA DESTIL.LERIA) nous travaillons pour vous offrir la meilleure exp\u00e9rience possible gr\u00e2ce \u00e0 nos produits et services. Dans certains cas, il est n\u00e9cessaire de rassembler des informations pour y parvenir. Nous nous soucions de votre vie priv\u00e9e et nous pensons que nous devons \u00eatre transparents \u00e0 ce sujet.<\/p><p>Par cons\u00e9quent, et aux fins des dispositions du r\u00e8glement (UE) 2016\/679 du Parlement europ\u00e9en et du Conseil du 27 avril 2016 (ci-apr\u00e8s \u00abRGPD\u00bb) relatif \u00e0 la protection des personnes physiques \u00e0 l\u2019\u00e9gard de la traitement des donn\u00e9es personnelles et la libre circulation de ces donn\u00e9es, et LOI 34\/2002, du 11 juillet, sur les services de la soci\u00e9t\u00e9 de l\u2019information et le commerce \u00e9lectronique (ci-apr\u00e8s, \u00abLSSI\u00bb), ESPERIT ROCA DESTIL.LERIA informe l\u2019utilisateur qu\u2019en tant que responsable du traitement, il incorporera les donn\u00e9es personnelles fournies par les utilisateurs dans un fichier automatis\u00e9.<\/p><p>Notre engagement commence par vous expliquer ce qui suit:<\/p><ul class=\"wp-block-list\"><li>Vos donn\u00e9es sont collect\u00e9es afin que l\u2019exp\u00e9rience utilisateur s\u2019am\u00e9liore, en tenant compte de vos int\u00e9r\u00eats et besoins.<\/li>\n\n<li>Nous sommes transparents sur les donn\u00e9es que nous recueillons \u00e0 votre sujet et pourquoi nous le faisons.<\/li>\n\n<li>Notre intention est de vous offrir la meilleure exp\u00e9rience possible. Par cons\u00e9quent, lorsque nous utiliserons vos informations personnelles, nous nous conformerons toujours \u00e0 la r\u00e9glementation et, si n\u00e9cessaire, nous vous demanderons votre consentement.<\/li>\n\n<li>Nous comprenons que vos donn\u00e9es vous appartiennent. Par cons\u00e9quent, si vous d\u00e9cidez de ne pas nous autoriser \u00e0 les traiter, vous pouvez nous demander d\u2019arr\u00eater de les traiter.<\/li>\n\n<li>Notre priorit\u00e9 est de garantir votre s\u00e9curit\u00e9 et de traiter vos donn\u00e9es conform\u00e9ment \u00e0 la r\u00e9glementation europ\u00e9enne.<\/li><\/ul><p>Si vous souhaitez obtenir plus d\u2019informations sur le traitement de vos donn\u00e9es, consultez les diff\u00e9rentes sections de la politique de confidentialit\u00e9 ci-dessous:<\/p><h2 class=\"wp-block-heading\">Qui est responsable du traitement de vos donn\u00e9es personnelles?<\/h2><p>Raison social: JOROFON, S.L.<br>Nom commercial: ESPERIT ROCA DESTIL.LERIA<br>Si\u00e8ge social: Ca\u2019n Sunyer, 46 \u2013 17007 Girona (Girona)<br>C.I.F.: B17412834<br>E-mail: <a href=\"mailto:destileria@esperitroca.com\">destileria@esperitroca.com<\/a><\/p><p>ESPERIT ROCA DESTIL.LERIA a d\u00e9sign\u00e9 une personne de contact interne comme coordinateur de l\u2019adaptation au sein de son organisation. Si vous souhaitez poser une question concernant le traitement de vos donn\u00e9es personnelles, vous pouvez le contacter par email <a href=\"mailto:destileria@esperitroca.com\">destileria@esperitroca.com<\/a><\/p><h2 class=\"wp-block-heading\">Quelles donn\u00e9es personnelles collectons-nous?<\/h2><p>Les donn\u00e9es personnelles que l\u2019utilisateur peut fournir:<\/p><ul class=\"wp-block-list\"><li>Nom, adresse et date de naissance.<\/li>\n\n<li>Num\u00e9ro de t\u00e9l\u00e9phone et adresse e-mail.<\/li>\n\n<li>Emplacement.<\/li>\n\n<li>Informations concernant les paiements et les retours.<\/li>\n\n<li>Adresse IP, date et heure auxquelles vous avez acc\u00e9d\u00e9 \u00e0 nos services, navigateur Internet que vous utilisez et donn\u00e9es sur le syst\u00e8me d\u2019exploitation de l\u2019appareil.<\/li>\n\n<li>Donn\u00e9es Curriculum Vitae (CV) des candidats \u00e0 un emploi.<\/li>\n\n<li>Toute autre information ou donn\u00e9e que vous d\u00e9cidez de partager avec nous.<\/li><\/ul><p>Dans certains cas, le remplissage du formulaire d\u2019inscription est obligatoire pour acc\u00e9der et profiter de certains services propos\u00e9s sur le web; De m\u00eame, ne pas fournir les donn\u00e9es personnelles demand\u00e9es ou n\u2019accepter cette politique de protection des donn\u00e9es implique l\u2019impossibilit\u00e9 de souscrire, de s\u2019inscrire ou de participer \u00e0 l\u2019une des promotions dans lesquelles des donn\u00e9es personnelles sont demand\u00e9es.<\/p><h2 class=\"wp-block-heading\">Pourquoi et dans quel but traitons-nous vos donn\u00e9es?<\/h2><p>Chez ESPERIT ROCA DESTIL.LERIA, nous traitons les informations fournies par les personnes int\u00e9ress\u00e9es aux fins suivantes:<\/p><ul class=\"wp-block-list\"><li>G\u00e9rer les commandes ou contracter l\u2019un de nos services.<\/li>\n\n<li>G\u00e9rer les donn\u00e9es fournies par les candidats \u00e0 un emploi via leur Curriculum Vitae (CV) dans les seul but de mener +a bien les processus de s\u00e9lection du personnel.<\/li>\n\n<li>G\u00e9rer l\u2019envoi des informations qu\u2019ils demandent.<\/li>\n\n<li>D\u00e9velopper des actions commerciales et effectuer la maintenance et la gestion de la relation avec l\u2019utilisateur, ainsi que la gestion des services propos\u00e9s via le site Web et des t\u00e2ches d\u2019information, en pouvant effectuer des \u00e9valuations automatiques, obtenir des profils et des t\u00e2ches de segmentation de clients afin de personnaliser le traitement en fonction de leurs caract\u00e9ristiques et besoins et d\u2019am\u00e9liorer l\u2019exp\u00e9rience en ligne du client. D\u00e9velopper et g\u00e9rer des concours, des tirages au sort ou d\u2019autres activit\u00e9s promotionnelles qui peuvent \u00eatre organis\u00e9s.<\/li>\n\n<li>Dans certains cas, il sera n\u00e9cessaire de fournir des informations aux autorit\u00e9s ou \u00e0 des soci\u00e9t\u00e9s tierces \u00e0 des fins d\u2019audit, ainsi que de traiter les donn\u00e9es personnelles des factures, contrats et documents pour r\u00e9pondre aux r\u00e9clamations des clients ou des administrations publiques<\/li><\/ul><p>Nous informons que les donn\u00e9es personnelles obtenues \u00e0 la suite de votre inscription en tant qu\u2019utilisateur feront partie du Registre des Activit\u00e9s et Op\u00e9rations de Traitement (RAT), qui sera p\u00e9riodiquement mis \u00e0 jour conform\u00e9ment aux dispositions du RGPD.<\/p><h2 class=\"wp-block-heading\">Quelle est la l\u00e9gitimit\u00e9 du traitement de vos donn\u00e9es?<\/h2><p>Le traitement de vos donn\u00e9es peut \u00eatre bas\u00e9 sur les bases juridiques suivantes:<\/p><ul class=\"wp-block-list\"><li>Consentement de l&rsquo;int\u00e9ress\u00e9 par le biais de formulaires de contact, de demandes d&rsquo;informations ou d&rsquo;inscription \u00e0 des newsletters \u00e9lectroniques.<\/li>\n\n<li>Ex\u00e9cution de contrat pour la location de services et de produits ainsi que l&#8217;embauche d&#8217;employ\u00e9s.<\/li>\n\n<li>Int\u00e9r\u00eat l\u00e9gitime pour le traitement des donn\u00e9es de nos clients dans les actions de marketing direct et le consentement expr\u00e8s de l&rsquo;int\u00e9ress\u00e9 pour tout ce qui concerne les \u00e9valuations automatiques et le profilage.<\/li>\n\n<li>Respect des obligations l\u00e9gales en mati\u00e8re de pr\u00e9vention des fraudes, de communication avec les pouvoirs publics et de r\u00e9clamations de tiers.<\/li><\/ul><h2 class=\"wp-block-heading\">Combien de temps conservons-nous vos donn\u00e9es?<\/h2><p>Le traitement des donn\u00e9es aux fins d\u00e9crites sera maintenu pendant le temps n\u00e9cessaire pour atteindre l\u2019objectif de leur collecte (par exemple, pendant la dur\u00e9e de la relation commerciale), ainsi que pour le respect des obligations l\u00e9gales d\u00e9coulant du traitement des donn\u00e9es.<\/p><p>La p\u00e9riode de conservation des CV des candidats au processus de s\u00e9lection du personnel, non s\u00e9lectionn\u00e9s, sera d&rsquo;un an \u00e0 compter de la r\u00e9ception de ceux-ci.<\/p><h2 class=\"wp-block-heading\">A quels destinataires vos donn\u00e9es sont-elles communiqu\u00e9es?<\/h2><p>Dans certains cas, uniquement lorsque cela est n\u00e9cessaire, ESPERIT ROCA DESTIL.LERIA fournira les donn\u00e9es des utilisateurs \u00e0 des tiers. Cependant, les donn\u00e9es ne seront jamais vendues \u00e0 des tiers. Les prestataires de services externes (par exemple, les prestataires de paiement ou les soci\u00e9t\u00e9s de livraison) avec lesquels ESPERIT ROCA DESTIL.LERIA travaille peuvent utiliser les donn\u00e9es pour fournir les services correspondants, mais ils n\u2019utiliseront pas ces informations \u00e0 leurs propres fins ou pour une affectation \u00e0 des tiers.<\/p><p>ESPERIT ROCA DESTIL.LERIA s\u2019efforce de garantir la s\u00e9curit\u00e9 des donn\u00e9es personnelles lorsqu\u2019elles sont envoy\u00e9es \u00e0 l\u2019ext\u00e9rieur de l\u2019entreprise et s\u2019assure que les prestataires de services tiers respectent la confidentialit\u00e9 et mettent en place des mesures ad\u00e9quates pour prot\u00e9ger les donn\u00e9es personnelles. Ces tiers ont l\u2019obligation de garantir que les informations sont trait\u00e9es conform\u00e9ment \u00e0 la r\u00e9glementation sur la protection des donn\u00e9es.<\/p><p>Dans certains cas, la loi peut exiger que les donn\u00e9es personnelles soient divulgu\u00e9es \u00e0 des organismes publics ou \u00e0 d\u2019autres parties, seul ce qui est strictement n\u00e9cessaire pour se conformer auxdites obligations l\u00e9gales sera divulgu\u00e9.<\/p><p>Les donn\u00e9es personnelles obtenues peuvent \u00e9galement \u00eatre partag\u00e9es avec d\u2019autres soci\u00e9t\u00e9s du groupe, si c&rsquo;\u00e9tait le cas.<\/p><p>Les donn\u00e9es du curriculum vitae (CV) des candidats \u00e0 un poste peuvent \u00eatre partag\u00e9es avec des entreprises sp\u00e9cialis\u00e9es dans les processus de s\u00e9lection du personnel et d&rsquo;analyse de profil.<\/p><h2 class=\"wp-block-heading\">O\u00f9 sont stock\u00e9es vos donn\u00e9es?<\/h2><p>En g\u00e9n\u00e9ral, les donn\u00e9es sont stock\u00e9es dans l\u2019UE. Les donn\u00e9es envoy\u00e9es \u00e0 des tiers n\u2019appartenant pas \u00e0 l\u2019UE, nous veillerons \u00e0 ce qu\u2019ils offrent un niveau de protection suffisant, soit parce qu\u2019ils ont des r\u00e8gles d\u2019entreprise contraignantes (BCR), soit parce qu\u2019ils ont adh\u00e9r\u00e9 au \u00abPrivacy Shield\u00bb ou de nouveaux accords actuels ou futurs pour les remplacer.<\/p><h2 class=\"wp-block-heading\">Quels droits avez-vous et comment pouvez-vous les exercer?<\/h2><p>Vous pouvez orienter vos communications et exercer vos droits par le biais d\u2019une demande \u00e0 l\u2019email suivant: <a href=\"mailto:destileria@esperitroca.com\">destileria@esperitroca.com<\/a>.<\/p><p>En vertu de ce que le RGPD \u00e9tablit, vous pouvez demander:<\/p><ul class=\"wp-block-list\"><li>Droit d\u2019acc\u00e8s: vous pouvez demander des informations sur les donn\u00e9es personnelles que nous d\u00e9tenons \u00e0 votre sujet.<\/li>\n\n<li>Droit de rectification: vous pouvez communiquer toute modification de vos donn\u00e9es personnelles.<\/li>\n\n<li>Droit \u00e0 l\u2019effacement et \u00e0 l\u2019oubli: vous pouvez demander l\u2019\u00e9limination des donn\u00e9es personnelles apr\u00e8s les avoir bloqu\u00e9es.<\/li>\n\n<li>Droit de limitation du traitement: implique la limitation du traitement des donn\u00e9es personnelles.<\/li>\n\n<li>Droit d\u2019opposition: vous pouvez retirer votre consentement au traitement des donn\u00e9es, en vous opposant \u00e0 leur traitement ult\u00e9rieur.<\/li>\n\n<li>Droit \u00e0 la portabilit\u00e9: dans certains cas, vous pouvez demander une copie des donn\u00e9es personnelles dans un format structur\u00e9, couramment utilis\u00e9 et lisible par machine pour transmission \u00e0 un autre responsable du traitement.<\/li>\n\n<li>Droit de ne pas faire l\u2019objet de d\u00e9cisions individualis\u00e9es: vous pouvez demander que des d\u00e9cisions fond\u00e9es uniquement sur un traitement automatis\u00e9, y compris le profilage, produisant des effets juridiques ou affectant de mani\u00e8re significative l\u2019int\u00e9ress\u00e9, ne soient pas prises.<\/li><\/ul><p>Dans certains cas, la demande peut \u00eatre rejet\u00e9e si vous demandez que les donn\u00e9es n\u00e9cessaires au respect des obligations l\u00e9gales soient supprim\u00e9es.<\/p><h2 class=\"wp-block-heading\">Qui est responsable de l\u00b4exactitude et de la v\u00e9racit\u00e9 des donn\u00e9es fournies?<\/h2><p>L\u2019utilisateur est seul responsable de la v\u00e9racit\u00e9 et de l\u2019exactitude des donn\u00e9es incluses, exon\u00e9rant ESPERIT ROCA DESTIL.LERIA de toute responsabilit\u00e9 \u00e0 cet \u00e9gard. Les utilisateurs garantissent et r\u00e9pondent, dans tous les cas, de l\u2019exactitude, de la validit\u00e9 et de l\u2019authenticit\u00e9 des donn\u00e9es personnelles fournies, et s\u2019engagent \u00e0 les tenir d\u00fbment \u00e0 jour. L\u2019utilisateur s\u2019engage \u00e0 fournir des informations compl\u00e8tes et correctes dans le formulaire d\u2019inscription ou d\u2019abonnement. ESPERIT ROCA DESTIL.LERIA se r\u00e9serve le droit de r\u00e9silier les services contractuels qui ont \u00e9t\u00e9 d\u00e9tenus aupr\u00e8s des utilisateurs, dans le cas o\u00f9 les donn\u00e9es fournies sont fausses, incompl\u00e8tes, inexactes ou obsol\u00e8tes.<br>ESPERIT ROCA DESTIL.LERIA n\u2019est pas responsable de la v\u00e9racit\u00e9 des informations qui ne sont pas de sa propre cr\u00e9ation et pour lesquelles une autre source est indiqu\u00e9e, par cons\u00e9quent, elle n\u2019assume aucune responsabilit\u00e9 pour les dommages hypoth\u00e9tiques pouvant r\u00e9sulter de l\u2019utilisation de ces informations.<br>ESPERIT ROCA DESTIL.LERIA se r\u00e9serve le droit de mettre \u00e0 jour, de modifier ou de supprimer les informations contenues dans ses pages Web et peut m\u00eame limiter ou refuser l\u2019acc\u00e8s \u00e0 ces informations. ESPERIT ROCA DESTIL.LERIA est exon\u00e9r\u00e9e de toute responsabilit\u00e9 pour toute perte ou dommage que l\u2019utilisateur pourrait subir du fait d\u2019erreurs, de d\u00e9fauts ou d\u2019omissions, dans les informations fournies par ESPERIT ROCA DESTIL.LERIA \u00e0 condition qu\u2019elles proviennent de sources autres que les m\u00eames.<br>De m\u00eame, l\u2019utilisateur certifie qu\u2019il a plus de 14 ans et qu\u2019il dispose de la capacit\u00e9 juridique n\u00e9cessaire pour donner son consentement au traitement de ses donn\u00e9es personnelles.<\/p><h2 class=\"wp-block-heading\">Comment traitons-nous les donn\u00e9es personnelles des mineurs?<\/h2><p>En principe, nos produits ou services ne sont pas sp\u00e9cifiquement destin\u00e9s aux mineurs. Toutefois, dans l\u2019hypoth\u00e8se o\u00f9 l\u2019un d\u2019entre eux s\u2019adresse \u00e0 des mineurs de moins de quatorze ans, conform\u00e9ment \u00e0 l\u2019article 8 du RGPD et \u00e0 l\u2019article 7 de la LO 3\/2018 du 5 d\u00e9cembre (LOPDGDD), ESPERIT ROCA DESTIL.LERIA exigera le consentement valide, libre, sans \u00e9quivoque, sp\u00e9cifique et \u00e9clair\u00e9 de ses tuteurs l\u00e9gaux pour traiter les donn\u00e9es personnelles des mineurs. Dans ce cas, le DNI ou une autre forme d\u2019identification de la personne donnant le consentement sera exig\u00e9.<\/p><p>Dans le cas des personnes de plus de quatorze ans, les donn\u00e9es peuvent \u00eatre trait\u00e9es avec le consentement de l\u2019utilisateur, \u00e0 l\u2019exception des cas o\u00f9 la loi requiert l\u2019assistance des titulaires de l\u2019autorit\u00e9 parentale ou de la tutelle.<\/p><h2 class=\"wp-block-heading\">Quelles mesures de s\u00e9curit\u00e9s appliquons-nous pour prot\u00e9ger vos donn\u00e9es personnelles?<\/h2><p>ESPERIT ROCA DESTIL.LERIA a adopt\u00e9 les niveaux de s\u00e9curit\u00e9 l\u00e9galement requis pour la protection des donn\u00e9es personnelles, et cherche \u00e0 installer ces autres moyens et mesures techniques suppl\u00e9mentaires \u00e0 sa disposition pour \u00e9viter la perte, l\u2019utilisation abusive, l\u2019alt\u00e9ration, l\u2019acc\u00e8s non autoris\u00e9 et le vol du Donn\u00e9es personnelles fournies \u00e0 ESPERIT ROCA DESTIL.LERIA.<\/p><p>ESPERIT ROCA DESTIL.LERIA n\u2019est pas responsable des dommages hypoth\u00e9tiques pouvant r\u00e9sulter d\u2019interf\u00e9rences, d\u2019omissions, d\u2019interruptions, de virus informatiques, de pannes t\u00e9l\u00e9phoniques ou de d\u00e9connexions dans le fonctionnement op\u00e9rationnel de ce syst\u00e8me \u00e9lectronique, caus\u00e9s par des causes autres que ESPERIT ROCA DESTIL.LERIA ; des retards ou des blocages dans l\u2019utilisation de ce syst\u00e8me \u00e9lectronique caus\u00e9s par des d\u00e9faillances ou des surcharges de lignes t\u00e9l\u00e9phoniques ou des surcharges dans le centre de traitement des donn\u00e9es, dans le syst\u00e8me Internet ou dans d\u2019autres syst\u00e8mes \u00e9lectroniques, ainsi que des dommages pouvant \u00eatre caus\u00e9s par des tiers personnes par des interventions ill\u00e9gitimes ind\u00e9pendantes de la volont\u00e9 d\u2019ESPERIT ROCA DESTIL.LERIA. Cependant, l\u2019utilisateur doit \u00eatre conscient que les mesures de s\u00e9curit\u00e9 Internet ne sont pas imprenables.<\/p><h2 class=\"wp-block-heading\">Liens vers d\u00b4autres sites Web<\/h2><p>Sur le site il peut y avoir des liens vers d\u2019autres sites Web. En cliquant sur l\u2019un de ces liens et en acc\u00e9dant \u00e0 un site Web externe, la visite sera soumise \u00e0 la politique de confidentialit\u00e9 dudit site Web, laissant ESPERIT ROCA DESTIL.LERIA sans aucun rapport avec tout type de responsabilit\u00e9 concernant sa politique de confidentialit\u00e9.<\/p><h2 class=\"wp-block-heading\">Comment utilisons-nous les cookies?<\/h2><p>Le site et le RRSS de ESPERIT ROCA DESTIL.LERIA utilisent des cookies afin d\u2019optimiser et de personnaliser votre navigation \u00e0 travers celui-ci. Les cookies sont des fichiers physiques d\u2019informations qui sont h\u00e9berg\u00e9s dans le propre terminal de l\u2019utilisateur, les informations collect\u00e9es via les cookies servent \u00e0 faciliter la navigation de l\u2019utilisateur \u00e0 travers le portail et \u00e0 optimiser l\u2019exp\u00e9rience de navigation. Les donn\u00e9es collect\u00e9es via les cookies peuvent \u00eatre partag\u00e9es avec leurs cr\u00e9ateurs, mais en aucun cas les informations obtenues par eux ne seront associ\u00e9es \u00e0 des donn\u00e9es personnelles ou \u00e0 des donn\u00e9es permettant d\u2019identifier l\u2019utilisateur.<\/p><p>Cependant, si l\u2019utilisateur ne souhaite pas que des cookies soient install\u00e9s sur son disque dur, il a la possibilit\u00e9 de configurer le navigateur de mani\u00e8re \u00e0 emp\u00eacher l\u2019installation de ces fichiers. Pour plus d\u2019informations, consultez notre politique de cookies : <a href=\"https:\/\/esperitrocadestileria.com\/politique-de-cookies\/\">https:\/\/esperitrocadestileria.com\/politique-de-cookies\/<\/a><\/p><h2 class=\"wp-block-heading\">La politique de confidentialit\u00e9 peut-elle \u00eatre modifi\u00e9e?<\/h2><p>Cette politique de confidentialit\u00e9 peut \u00eatre modifi\u00e9e. Nous vous recommandons de consulter p\u00e9riodiquement la politique de confidentialit\u00e9.<\/p><h2 class=\"wp-block-heading\">Langue<\/h2><p>Au niveau informatif et contractuel, la langue de communication choisie, le espagnol, catalan, anglais et fran\u00e7ais.<\/p><p>Cette traduction en fran\u00e7ais n&rsquo;est d\u00e9livr\u00e9e que pour des raisons commerciale et de commodit\u00e9 dans le respect du droit \u00e0 l&rsquo;information selon l&rsquo;article 13 du r\u00e8glement UE 2016\/679, du 27 avril 2016 (RGPD) et l&rsquo;article 11 de la loi organique 3\/2018, du 5 D\u00e9cembre 2018 (LOPDGDD). En cas de divergence ou d&rsquo;incompatibilit\u00e9 entre les versions fran\u00e7aise et espagnole de cette politique de confidentialit\u00e9, pr\u00e9vaudra la version espagnole.<\/p>","protected":false},"excerpt":{"rendered":"<p>Mise \u00e0 jour: Juillet 2024 Information de base sur la protection de donn\u00e9es &nbsp;Responsable JOROFON, S.L. (a partir de maintenant ESPERIT ROCA DESTIL.LERIA) Finalit\u00e9 Prestataire de service en ligneGestion des utilisateurs WebG\u00e9rer les r\u00e9servations des restaurants.Communications commerciales li\u00e9es \u00e0 nos services.G\u00e9rer les donn\u00e9es fournies par les candidats dans les processusde s\u00e9lection des Personnel. L\u00e9gitimation Consentement [&hellip;]<\/p>\n","protected":false},"author":1,"featured_media":0,"parent":0,"menu_order":0,"comment_status":"closed","ping_status":"closed","template":"page-templates\/legal.php","meta":{"_acf_changed":false,"inline_featured_image":false,"footnotes":""},"class_list":["post-2137","page","type-page","status-publish","hentry"],"acf":[],"_links":{"self":[{"href":"https:\/\/esperitrocadestileria.com\/fr\/wp-json\/wp\/v2\/pages\/2137","targetHints":{"allow":["GET"]}}],"collection":[{"href":"https:\/\/esperitrocadestileria.com\/fr\/wp-json\/wp\/v2\/pages"}],"about":[{"href":"https:\/\/esperitrocadestileria.com\/fr\/wp-json\/wp\/v2\/types\/page"}],"author":[{"embeddable":true,"href":"https:\/\/esperitrocadestileria.com\/fr\/wp-json\/wp\/v2\/users\/1"}],"replies":[{"embeddable":true,"href":"https:\/\/esperitrocadestileria.com\/fr\/wp-json\/wp\/v2\/comments?post=2137"}],"version-history":[{"count":4,"href":"https:\/\/esperitrocadestileria.com\/fr\/wp-json\/wp\/v2\/pages\/2137\/revisions"}],"predecessor-version":[{"id":3359,"href":"https:\/\/esperitrocadestileria.com\/fr\/wp-json\/wp\/v2\/pages\/2137\/revisions\/3359"}],"wp:attachment":[{"href":"https:\/\/esperitrocadestileria.com\/fr\/wp-json\/wp\/v2\/media?parent=2137"}],"curies":[{"name":"wp","href":"https:\/\/api.w.org\/{rel}","templated":true}]}}