

{"id":3251,"date":"2024-03-19T10:13:55","date_gmt":"2024-03-19T10:13:55","guid":{"rendered":"https:\/\/esperit-roca.com\/?page_id=3251"},"modified":"2024-04-03T14:31:25","modified_gmt":"2024-04-03T14:31:25","slug":"canal-de-plainte","status":"publish","type":"page","link":"https:\/\/esperitrocadestileria.com\/fr\/canal-de-plainte\/","title":{"rendered":"Canal de plainte"},"content":{"rendered":"<p>Le Canal de D\u00e9nonciation est le m\u00e9canisme mis \u00e0 disposition par JOROFON S.L. \u00e0 tous les employ\u00e9s, \u00e0 la direction et \u00e0 l&rsquo;administration des soci\u00e9t\u00e9s du Groupe, ainsi qu&rsquo;\u00e0 des tiers en relation avec celles-ci, y compris les fournisseurs et les entrepreneurs, les actionnaires, les b\u00e9n\u00e9voles, les stagiaires et les personnes en formation, afin qu&rsquo;ils puissent signaler toute information li\u00e9e \u00e0 une soci\u00e9t\u00e9 du Groupe susceptible de constituer :<\/p><ul class=\"wp-block-list\"><li>une possible irr\u00e9gularit\u00e9 ou acte contraire \u00e0 toute r\u00e9glementation interne applicable<\/li>\n\n<li>une possible irr\u00e9gularit\u00e9 ou acte contraire \u00e0 la l\u00e9galit\u00e9<\/li>\n\n<li>une possible irr\u00e9gularit\u00e9 administrative<\/li><\/ul><p>Le canal est accessible par les moyens suivants :<\/p><ul class=\"wp-block-list\"><li>Adresse e-mail : <a href=\"mailto:canaldenuncia@cellercanroca.com\">canaldenuncia@cellercanroca.com<\/a><\/li>\n\n<li>Num\u00e9ro de t\u00e9l\u00e9phone : 972222157<\/li>\n\n<li>Adresse postale : Can Sunyer, 48 Girona 17007<\/li><\/ul><p>Les signalements peuvent \u00eatre faits de mani\u00e8re anonyme, si d\u00e9sir\u00e9. Dans ce cas, il est important de noter que les m\u00e9tadonn\u00e9es d&rsquo;un fichier fournissent des informations structur\u00e9es sur son contenu, telles que la date de cr\u00e9ation, le type de fichier et, notamment, l&rsquo;auteur. Cette derni\u00e8re information peut potentiellement identifier le cr\u00e9ateur du fichier sans avoir besoin de l&rsquo;ouvrir. Si vous souhaitez faire un signalement anonyme, vous devez supprimer les m\u00e9tadonn\u00e9es des fichiers que vous comptez envoyer (<a href=\"https:\/\/www.xataka.com\/basics\/que-metadatos-archivo-que-informacion-muestran-como-se-borran\">Comment supprimer les m\u00e9tadonn\u00e9es<\/a>).<\/p><p>Alternativement, vous pouvez inclure des coordonn\u00e9es de contact avec le <a href=\"https:\/\/drive.google.com\/file\/d\/1TBwqzgitNVsBeZV_rMUO5ycR6qZ9DR-K\/view?usp=sharing\">formulaire de signalement<\/a>. Les informations recueillies dans le signalement seront trait\u00e9es de mani\u00e8re s\u00e9curis\u00e9e et confidentielle.<\/p><p>Sur demande, les signalements peuvent \u00e9galement \u00eatre faits par le biais de r\u00e9unions en personne, pour lesquelles une demande doit \u00eatre faite par l&rsquo;un des canaux de communication mentionn\u00e9s ci-dessus.<\/p><p>Outre les m\u00e9thodes d&rsquo;acc\u00e8s d\u00e9taill\u00e9es, les individus peuvent \u00e9galement se tourner vers l&rsquo;Autorit\u00e9 Ind\u00e9pendante de Protection des Informateurs.<\/p><p>Les signalements re\u00e7us sont trait\u00e9s rapidement et diligemment, en les v\u00e9rifiant et en prenant des mesures pour les r\u00e9soudre conform\u00e9ment aux proc\u00e9dures internes \u00e9tablies dans la Politique de Gestion des Informations Internes de JOROFON S.L.<\/p>","protected":false},"excerpt":{"rendered":"<p>Le Canal de D\u00e9nonciation est le m\u00e9canisme mis \u00e0 disposition par JOROFON S.L. \u00e0 tous les employ\u00e9s, \u00e0 la direction et \u00e0 l&rsquo;administration des soci\u00e9t\u00e9s du Groupe, ainsi qu&rsquo;\u00e0 des tiers en relation avec celles-ci, y compris les fournisseurs et les entrepreneurs, les actionnaires, les b\u00e9n\u00e9voles, les stagiaires et les personnes en formation, afin qu&rsquo;ils [&hellip;]<\/p>\n","protected":false},"author":1,"featured_media":0,"parent":0,"menu_order":0,"comment_status":"closed","ping_status":"closed","template":"page-templates\/legal.php","meta":{"_acf_changed":false,"inline_featured_image":false,"footnotes":""},"class_list":["post-3251","page","type-page","status-publish","hentry"],"acf":[],"_links":{"self":[{"href":"https:\/\/esperitrocadestileria.com\/fr\/wp-json\/wp\/v2\/pages\/3251","targetHints":{"allow":["GET"]}}],"collection":[{"href":"https:\/\/esperitrocadestileria.com\/fr\/wp-json\/wp\/v2\/pages"}],"about":[{"href":"https:\/\/esperitrocadestileria.com\/fr\/wp-json\/wp\/v2\/types\/page"}],"author":[{"embeddable":true,"href":"https:\/\/esperitrocadestileria.com\/fr\/wp-json\/wp\/v2\/users\/1"}],"replies":[{"embeddable":true,"href":"https:\/\/esperitrocadestileria.com\/fr\/wp-json\/wp\/v2\/comments?post=3251"}],"version-history":[{"count":3,"href":"https:\/\/esperitrocadestileria.com\/fr\/wp-json\/wp\/v2\/pages\/3251\/revisions"}],"predecessor-version":[{"id":3272,"href":"https:\/\/esperitrocadestileria.com\/fr\/wp-json\/wp\/v2\/pages\/3251\/revisions\/3272"}],"wp:attachment":[{"href":"https:\/\/esperitrocadestileria.com\/fr\/wp-json\/wp\/v2\/media?parent=3251"}],"curies":[{"name":"wp","href":"https:\/\/api.w.org\/{rel}","templated":true}]}}